{"id":21697,"date":"2023-06-07T14:20:54","date_gmt":"2023-06-07T14:20:54","guid":{"rendered":"https:\/\/vv-dev.webdev.is\/?post_type=product&#038;p=21697"},"modified":"2025-02-21T09:45:53","modified_gmt":"2025-02-21T09:45:53","slug":"master-lock-lyklabox-med-ljosi-52x44x140mm-5404eurd","status":"publish","type":"product","link":"https:\/\/vv.webdev.is\/en\/lykillausnir\/lyklar-lykillausnir\/lyklabox-lyklar-lykillausnir\/product\/master-lock-lyklabox-med-ljosi-52x44x140mm-5404eurd\/","title":{"rendered":"MASTER LOCK Lyklabox me\u00f0 lj\u00f3si 52x44x140mm 5404EURD"},"content":{"rendered":"<p>4 stafa endurstillanleg samsetning<br \/>Innbyggt LED &#8211; l&#253;sir &#254;egar &#254;a&#240; er opi&#240;<br \/>Veggfesting<\/p>\n<p>Lei&#240;beiningar um uppsetningu m&#225; finna <a href=\"http:\/\/content.masterlock.com\/masterlock\/resources\/documents\/pdf\/5404DHC_Instructions_Sheet.pdf\" target=\"_blank\" rel=\"noopener\">h&#233;r<\/a>.<\/p>","protected":false},"excerpt":{"rendered":"<p>Master Lock 5404 hengil\u00e1sinn gerir \u00fe\u00e9r kleift a\u00f0 tryggja \u00f6ruggan lykil fyrir utan heimili \u00feitt.<\/p>","protected":false},"featured_media":35391,"comment_status":"closed","ping_status":"closed","template":"","meta":[],"product_brand":[],"product_cat":[517,598,678],"product_tag":[],"class_list":{"0":"post-21697","1":"product","2":"type-product","3":"status-publish","4":"has-post-thumbnail","6":"product_cat-lykillausnir","7":"product_cat-lyklar-lykillausnir","8":"product_cat-lyklabox-lyklar-lykillausnir","10":"first","11":"instock","12":"taxable","13":"shipping-taxable","14":"purchasable","15":"product-type-simple"},"_links":{"self":[{"href":"https:\/\/vv.webdev.is\/en\/wp-json\/wp\/v2\/product\/21697","targetHints":{"allow":["GET"]}}],"collection":[{"href":"https:\/\/vv.webdev.is\/en\/wp-json\/wp\/v2\/product"}],"about":[{"href":"https:\/\/vv.webdev.is\/en\/wp-json\/wp\/v2\/types\/product"}],"replies":[{"embeddable":true,"href":"https:\/\/vv.webdev.is\/en\/wp-json\/wp\/v2\/comments?post=21697"}],"wp:featuredmedia":[{"embeddable":true,"href":"https:\/\/vv.webdev.is\/en\/wp-json\/wp\/v2\/media\/35391"}],"wp:attachment":[{"href":"https:\/\/vv.webdev.is\/en\/wp-json\/wp\/v2\/media?parent=21697"}],"wp:term":[{"taxonomy":"product_brand","embeddable":true,"href":"https:\/\/vv.webdev.is\/en\/wp-json\/wp\/v2\/product_brand?post=21697"},{"taxonomy":"product_cat","embeddable":true,"href":"https:\/\/vv.webdev.is\/en\/wp-json\/wp\/v2\/product_cat?post=21697"},{"taxonomy":"product_tag","embeddable":true,"href":"https:\/\/vv.webdev.is\/en\/wp-json\/wp\/v2\/product_tag?post=21697"}],"curies":[{"name":"wp","href":"https:\/\/api.w.org\/{rel}","templated":true}]}}