{"id":21896,"date":"2023-06-07T14:22:09","date_gmt":"2023-06-07T14:22:09","guid":{"rendered":"https:\/\/vv-dev.webdev.is\/?post_type=product&#038;p=21896"},"modified":"2025-02-04T15:15:52","modified_gmt":"2025-02-04T15:15:52","slug":"tesa-syl-sn-te5ng-ep-f2-std-35x35mm-nikkel-thyskur-stadall-med-snerli-odru-megin","status":"publish","type":"product","link":"https:\/\/vv.webdev.is\/en\/lykillausnir\/hurdabunadur-lykillausnir\/sylinder\/product\/tesa-syl-sn-te5ng-ep-f2-std-35x35mm-nikkel-thyskur-stadall-med-snerli-odru-megin\/","title":{"rendered":"TESA Syl\/Sn TE5NG EP F2 Std 35x35mm Nikkel \u00de\u00fdskur sta\u00f0all me\u00f0 snerli \u00f6\u00f0ru megin"},"content":{"rendered":"","protected":false},"excerpt":{"rendered":"","protected":false},"featured_media":35786,"comment_status":"closed","ping_status":"closed","template":"","meta":[],"product_brand":[],"product_cat":[517,597,676],"product_tag":[],"class_list":{"0":"post-21896","1":"product","2":"type-product","3":"status-publish","4":"has-post-thumbnail","6":"product_cat-lykillausnir","7":"product_cat-hurdabunadur-lykillausnir","8":"product_cat-sylinder","10":"first","11":"instock","12":"taxable","13":"shipping-taxable","14":"purchasable","15":"product-type-simple"},"_links":{"self":[{"href":"https:\/\/vv.webdev.is\/en\/wp-json\/wp\/v2\/product\/21896","targetHints":{"allow":["GET"]}}],"collection":[{"href":"https:\/\/vv.webdev.is\/en\/wp-json\/wp\/v2\/product"}],"about":[{"href":"https:\/\/vv.webdev.is\/en\/wp-json\/wp\/v2\/types\/product"}],"replies":[{"embeddable":true,"href":"https:\/\/vv.webdev.is\/en\/wp-json\/wp\/v2\/comments?post=21896"}],"wp:featuredmedia":[{"embeddable":true,"href":"https:\/\/vv.webdev.is\/en\/wp-json\/wp\/v2\/media\/35786"}],"wp:attachment":[{"href":"https:\/\/vv.webdev.is\/en\/wp-json\/wp\/v2\/media?parent=21896"}],"wp:term":[{"taxonomy":"product_brand","embeddable":true,"href":"https:\/\/vv.webdev.is\/en\/wp-json\/wp\/v2\/product_brand?post=21896"},{"taxonomy":"product_cat","embeddable":true,"href":"https:\/\/vv.webdev.is\/en\/wp-json\/wp\/v2\/product_cat?post=21896"},{"taxonomy":"product_tag","embeddable":true,"href":"https:\/\/vv.webdev.is\/en\/wp-json\/wp\/v2\/product_tag?post=21896"}],"curies":[{"name":"wp","href":"https:\/\/api.w.org\/{rel}","templated":true}]}}