{"id":22374,"date":"2023-04-28T17:41:47","date_gmt":"2023-04-28T17:41:47","guid":{"rendered":"https:\/\/vv-dev.webdev.is\/?post_type=product&#038;p=22374"},"modified":"2025-02-24T15:01:20","modified_gmt":"2025-02-24T15:01:20","slug":"frost-fatastandur-wishbone-graenn-krom","status":"publish","type":"product","link":"https:\/\/vv.webdev.is\/en\/honnunarlausnir\/fataskipulag-honnunarlausnir\/fataslar-og-standar\/product\/frost-fatastandur-wishbone-graenn-krom\/","title":{"rendered":"FROST Fatastandur Wishbone Gr\u00e6nn\/Kr\u00f3m"},"content":{"rendered":"","protected":false},"excerpt":{"rendered":"<p>ATH a\u00f0eins 1 stk til \u00e1 lager <br><br \/>\n<br><br \/>\nEinkar fallegur Wishbone fatastandur fr\u00e1 FROST  <br><br \/>\nH\u00f6nnun: busk+hertzog <br><br \/>\nLitur: gr\u00e6nn og kr\u00f3m  <br><br \/>\nSt\u00e6r\u00f0 :  h 175 cm x b 35 cm <br><br \/>\n\u00deyngd: 18kg<\/p>","protected":false},"featured_media":26174,"comment_status":"closed","ping_status":"closed","template":"","meta":[],"product_brand":[],"product_cat":[518,543,816],"product_tag":[1012],"class_list":{"0":"post-22374","1":"product","2":"type-product","3":"status-publish","4":"has-post-thumbnail","6":"product_cat-honnunarlausnir","7":"product_cat-fataskipulag-honnunarlausnir","8":"product_cat-fataslar-og-standar","9":"product_tag-frost","11":"first","12":"instock","13":"taxable","14":"shipping-taxable","15":"purchasable","16":"product-type-simple"},"_links":{"self":[{"href":"https:\/\/vv.webdev.is\/en\/wp-json\/wp\/v2\/product\/22374","targetHints":{"allow":["GET"]}}],"collection":[{"href":"https:\/\/vv.webdev.is\/en\/wp-json\/wp\/v2\/product"}],"about":[{"href":"https:\/\/vv.webdev.is\/en\/wp-json\/wp\/v2\/types\/product"}],"replies":[{"embeddable":true,"href":"https:\/\/vv.webdev.is\/en\/wp-json\/wp\/v2\/comments?post=22374"}],"wp:featuredmedia":[{"embeddable":true,"href":"https:\/\/vv.webdev.is\/en\/wp-json\/wp\/v2\/media\/26174"}],"wp:attachment":[{"href":"https:\/\/vv.webdev.is\/en\/wp-json\/wp\/v2\/media?parent=22374"}],"wp:term":[{"taxonomy":"product_brand","embeddable":true,"href":"https:\/\/vv.webdev.is\/en\/wp-json\/wp\/v2\/product_brand?post=22374"},{"taxonomy":"product_cat","embeddable":true,"href":"https:\/\/vv.webdev.is\/en\/wp-json\/wp\/v2\/product_cat?post=22374"},{"taxonomy":"product_tag","embeddable":true,"href":"https:\/\/vv.webdev.is\/en\/wp-json\/wp\/v2\/product_tag?post=22374"}],"curies":[{"name":"wp","href":"https:\/\/api.w.org\/{rel}","templated":true}]}}