{"id":22390,"date":"2023-04-28T17:41:32","date_gmt":"2023-04-28T17:41:32","guid":{"rendered":"https:\/\/vv-dev.webdev.is\/?post_type=product&#038;p=22390"},"modified":"2025-01-30T17:21:32","modified_gmt":"2025-01-30T17:21:32","slug":"stayer-hoggborvel-750w-tm750ak-m-sjalfherdandi-patronu-0-3000sn-0-45000ipm-13mm-patrona-23kg","status":"publish","type":"product","link":"https:\/\/vv.webdev.is\/en\/verkfaeralausnir\/rafmagnsverkfaeri\/hoggborvelar\/product\/stayer-hoggborvel-750w-tm750ak-m-sjalfherdandi-patronu-0-3000sn-0-45000ipm-13mm-patrona-23kg\/","title":{"rendered":"STAYER H\u00f6ggborv\u00e9l 750w TM750AK m.sj\u00e1lfher\u00f0andi patr\u00f3nu 0-3000sn 0-45000ipm 13mm patr\u00f3na 2,3kg"},"content":{"rendered":"","protected":false},"excerpt":{"rendered":"","protected":false},"featured_media":26047,"comment_status":"closed","ping_status":"closed","template":"","meta":[],"product_brand":[],"product_cat":[515,592,733],"product_tag":[],"class_list":{"0":"post-22390","1":"product","2":"type-product","3":"status-publish","4":"has-post-thumbnail","6":"product_cat-verkfaeralausnir","7":"product_cat-rafmagnsverkfaeri","8":"product_cat-hoggborvelar","10":"first","11":"instock","12":"taxable","13":"shipping-taxable","14":"purchasable","15":"product-type-simple"},"_links":{"self":[{"href":"https:\/\/vv.webdev.is\/en\/wp-json\/wp\/v2\/product\/22390","targetHints":{"allow":["GET"]}}],"collection":[{"href":"https:\/\/vv.webdev.is\/en\/wp-json\/wp\/v2\/product"}],"about":[{"href":"https:\/\/vv.webdev.is\/en\/wp-json\/wp\/v2\/types\/product"}],"replies":[{"embeddable":true,"href":"https:\/\/vv.webdev.is\/en\/wp-json\/wp\/v2\/comments?post=22390"}],"wp:featuredmedia":[{"embeddable":true,"href":"https:\/\/vv.webdev.is\/en\/wp-json\/wp\/v2\/media\/26047"}],"wp:attachment":[{"href":"https:\/\/vv.webdev.is\/en\/wp-json\/wp\/v2\/media?parent=22390"}],"wp:term":[{"taxonomy":"product_brand","embeddable":true,"href":"https:\/\/vv.webdev.is\/en\/wp-json\/wp\/v2\/product_brand?post=22390"},{"taxonomy":"product_cat","embeddable":true,"href":"https:\/\/vv.webdev.is\/en\/wp-json\/wp\/v2\/product_cat?post=22390"},{"taxonomy":"product_tag","embeddable":true,"href":"https:\/\/vv.webdev.is\/en\/wp-json\/wp\/v2\/product_tag?post=22390"}],"curies":[{"name":"wp","href":"https:\/\/api.w.org\/{rel}","templated":true}]}}