{"id":22557,"date":"2023-06-07T14:26:06","date_gmt":"2023-06-07T14:26:06","guid":{"rendered":"https:\/\/vv-dev.webdev.is\/?post_type=product&#038;p=22557"},"modified":"2025-01-30T21:10:46","modified_gmt":"2025-01-30T21:10:46","slug":"beslag-design-hurdarhandfang-tavira-svart-med-lykillaufum-f-thyskar-laesingar","status":"publish","type":"product","link":"https:\/\/vv.webdev.is\/en\/lykillausnir\/hurdabunadur-lykillausnir\/hurdahandfong-m-lykillaufum\/product\/beslag-design-hurdarhandfang-tavira-svart-med-lykillaufum-f-thyskar-laesingar\/","title":{"rendered":"BESLAG DESIGN Hur\u00f0arhandfang Tavira Svart me\u00f0 lykillaufum f.\u00de\u00fdskar l\u00e6singar"},"content":{"rendered":"","protected":false},"excerpt":{"rendered":"<p>Svart hur\u00f0arhandfang fr\u00e1 Beslag Design<\/p>","protected":false},"featured_media":36927,"comment_status":"closed","ping_status":"closed","template":"","meta":[],"product_brand":[],"product_cat":[517,597,918],"product_tag":[],"class_list":{"0":"post-22557","1":"product","2":"type-product","3":"status-publish","4":"has-post-thumbnail","6":"product_cat-lykillausnir","7":"product_cat-hurdabunadur-lykillausnir","8":"product_cat-hurdahandfong-m-lykillaufum","10":"first","11":"instock","12":"taxable","13":"shipping-taxable","14":"purchasable","15":"product-type-simple"},"_links":{"self":[{"href":"https:\/\/vv.webdev.is\/en\/wp-json\/wp\/v2\/product\/22557","targetHints":{"allow":["GET"]}}],"collection":[{"href":"https:\/\/vv.webdev.is\/en\/wp-json\/wp\/v2\/product"}],"about":[{"href":"https:\/\/vv.webdev.is\/en\/wp-json\/wp\/v2\/types\/product"}],"replies":[{"embeddable":true,"href":"https:\/\/vv.webdev.is\/en\/wp-json\/wp\/v2\/comments?post=22557"}],"wp:featuredmedia":[{"embeddable":true,"href":"https:\/\/vv.webdev.is\/en\/wp-json\/wp\/v2\/media\/36927"}],"wp:attachment":[{"href":"https:\/\/vv.webdev.is\/en\/wp-json\/wp\/v2\/media?parent=22557"}],"wp:term":[{"taxonomy":"product_brand","embeddable":true,"href":"https:\/\/vv.webdev.is\/en\/wp-json\/wp\/v2\/product_brand?post=22557"},{"taxonomy":"product_cat","embeddable":true,"href":"https:\/\/vv.webdev.is\/en\/wp-json\/wp\/v2\/product_cat?post=22557"},{"taxonomy":"product_tag","embeddable":true,"href":"https:\/\/vv.webdev.is\/en\/wp-json\/wp\/v2\/product_tag?post=22557"}],"curies":[{"name":"wp","href":"https:\/\/api.w.org\/{rel}","templated":true}]}}