{"id":22629,"date":"2023-04-28T18:04:56","date_gmt":"2023-04-28T18:04:56","guid":{"rendered":"https:\/\/vv-dev.webdev.is\/?post_type=product&#038;p=22629"},"modified":"2025-01-30T18:33:05","modified_gmt":"2025-01-30T18:33:05","slug":"crescent-nicholson-thjol-run-200mm-1190bc-round-bastard-med-handfangi","status":"publish","type":"product","link":"https:\/\/vv.webdev.is\/en\/verkfaeralausnir\/handverkfaeri\/thjalir-og-raspar\/product\/crescent-nicholson-thjol-run-200mm-1190bc-round-bastard-med-handfangi\/","title":{"rendered":"CRESCENT NICHOLSON \u00dej\u00f6l R\u00fan 200mm 1190BC ROUND BASTARD me\u00f0 handfangi"},"content":{"rendered":"","protected":false},"excerpt":{"rendered":"","protected":false},"featured_media":33556,"comment_status":"closed","ping_status":"closed","template":"","meta":[],"product_brand":[],"product_cat":[515,588,793],"product_tag":[],"class_list":{"0":"post-22629","1":"product","2":"type-product","3":"status-publish","4":"has-post-thumbnail","6":"product_cat-verkfaeralausnir","7":"product_cat-handverkfaeri","8":"product_cat-thjalir-og-raspar","10":"first","11":"instock","12":"taxable","13":"shipping-taxable","14":"purchasable","15":"product-type-simple"},"_links":{"self":[{"href":"https:\/\/vv.webdev.is\/en\/wp-json\/wp\/v2\/product\/22629","targetHints":{"allow":["GET"]}}],"collection":[{"href":"https:\/\/vv.webdev.is\/en\/wp-json\/wp\/v2\/product"}],"about":[{"href":"https:\/\/vv.webdev.is\/en\/wp-json\/wp\/v2\/types\/product"}],"replies":[{"embeddable":true,"href":"https:\/\/vv.webdev.is\/en\/wp-json\/wp\/v2\/comments?post=22629"}],"wp:featuredmedia":[{"embeddable":true,"href":"https:\/\/vv.webdev.is\/en\/wp-json\/wp\/v2\/media\/33556"}],"wp:attachment":[{"href":"https:\/\/vv.webdev.is\/en\/wp-json\/wp\/v2\/media?parent=22629"}],"wp:term":[{"taxonomy":"product_brand","embeddable":true,"href":"https:\/\/vv.webdev.is\/en\/wp-json\/wp\/v2\/product_brand?post=22629"},{"taxonomy":"product_cat","embeddable":true,"href":"https:\/\/vv.webdev.is\/en\/wp-json\/wp\/v2\/product_cat?post=22629"},{"taxonomy":"product_tag","embeddable":true,"href":"https:\/\/vv.webdev.is\/en\/wp-json\/wp\/v2\/product_tag?post=22629"}],"curies":[{"name":"wp","href":"https:\/\/api.w.org\/{rel}","templated":true}]}}