{"id":22729,"date":"2023-04-28T17:50:50","date_gmt":"2023-04-28T17:50:50","guid":{"rendered":"https:\/\/vv-dev.webdev.is\/?post_type=product&#038;p=22729"},"modified":"2025-02-24T15:02:10","modified_gmt":"2025-02-24T15:02:10","slug":"frost-butler-golf-o1948-rydfr-polerad","status":"publish","type":"product","link":"https:\/\/vv.webdev.is\/en\/lykillausnir\/badherbergi-lykillausnir\/salernisburstar-badherbergi-lykillausnir\/product\/frost-butler-golf-o1948-rydfr-polerad\/","title":{"rendered":"FROST Nova2 Kl\u00f3settr\u00falluhaldari &#038; kl\u00f3settbursti"},"content":{"rendered":"<p>\u00deverm\u00e1l: \u00d889\/200 mm<\/p>\n<p>H\u00e6\u00f0: 714,5 mm<\/p>\n<p>\u00deyngd: 6,1 kg.<\/p>\n<p>H\u00f6nnun: B\u00f8nnelycke MDD<\/p>\n<p>Efni: Ry\u00f0fr\u00edtt st\u00e1l<\/p>\n<p>Litur: F\u00e1\u00f0ur ry\u00f0fr\u00edtt<\/p>","protected":false},"excerpt":{"rendered":"<p>Tegund:&nbsp;O1948&nbsp;<\/p>\n<p>ATH a\u00f0eins 2 stk til \u00e1 lager<\/p>","protected":false},"featured_media":61112,"comment_status":"closed","ping_status":"closed","template":"","meta":[],"product_brand":[],"product_cat":[518,542,552,517,580,619],"product_tag":[1012],"class_list":{"0":"post-22729","1":"product","2":"type-product","3":"status-publish","4":"has-post-thumbnail","6":"product_cat-honnunarlausnir","7":"product_cat-badherbergi","8":"product_cat-salernisburstar-badherbergi","9":"product_cat-lykillausnir","10":"product_cat-badherbergi-lykillausnir","11":"product_cat-salernisburstar-badherbergi-lykillausnir","12":"product_tag-frost","14":"first","15":"instock","16":"taxable","17":"shipping-taxable","18":"purchasable","19":"product-type-simple"},"_links":{"self":[{"href":"https:\/\/vv.webdev.is\/en\/wp-json\/wp\/v2\/product\/22729","targetHints":{"allow":["GET"]}}],"collection":[{"href":"https:\/\/vv.webdev.is\/en\/wp-json\/wp\/v2\/product"}],"about":[{"href":"https:\/\/vv.webdev.is\/en\/wp-json\/wp\/v2\/types\/product"}],"replies":[{"embeddable":true,"href":"https:\/\/vv.webdev.is\/en\/wp-json\/wp\/v2\/comments?post=22729"}],"wp:featuredmedia":[{"embeddable":true,"href":"https:\/\/vv.webdev.is\/en\/wp-json\/wp\/v2\/media\/61112"}],"wp:attachment":[{"href":"https:\/\/vv.webdev.is\/en\/wp-json\/wp\/v2\/media?parent=22729"}],"wp:term":[{"taxonomy":"product_brand","embeddable":true,"href":"https:\/\/vv.webdev.is\/en\/wp-json\/wp\/v2\/product_brand?post=22729"},{"taxonomy":"product_cat","embeddable":true,"href":"https:\/\/vv.webdev.is\/en\/wp-json\/wp\/v2\/product_cat?post=22729"},{"taxonomy":"product_tag","embeddable":true,"href":"https:\/\/vv.webdev.is\/en\/wp-json\/wp\/v2\/product_tag?post=22729"}],"curies":[{"name":"wp","href":"https:\/\/api.w.org\/{rel}","templated":true}]}}