{"id":22810,"date":"2023-06-07T14:17:29","date_gmt":"2023-06-07T14:17:29","guid":{"rendered":"https:\/\/vv-dev.webdev.is\/?post_type=product&#038;p=22810"},"modified":"2025-01-30T18:42:00","modified_gmt":"2025-01-30T18:42:00","slug":"sti-safety-thjofavorn-mini-theft-stopper-fyrir-ymislegt-eins-og-slokkvitaeki-ofl","status":"publish","type":"product","link":"https:\/\/vv.webdev.is\/en\/lykillausnir\/oryggisvorur\/thjofavarnir\/product\/sti-safety-thjofavorn-mini-theft-stopper-fyrir-ymislegt-eins-og-slokkvitaeki-ofl\/","title":{"rendered":"STI SAFETY \u00dej\u00f3fav\u00f6rn Mini Theft Stopper fyrir \u00fdmislegt eins og sl\u00f6kkvit\u00e6ki ofl"},"content":{"rendered":"","protected":false},"excerpt":{"rendered":"","protected":false},"featured_media":34468,"comment_status":"closed","ping_status":"closed","template":"","meta":[],"product_brand":[],"product_cat":[517,602,706],"product_tag":[],"class_list":{"0":"post-22810","1":"product","2":"type-product","3":"status-publish","4":"has-post-thumbnail","6":"product_cat-lykillausnir","7":"product_cat-oryggisvorur","8":"product_cat-thjofavarnir","10":"first","11":"instock","12":"taxable","13":"shipping-taxable","14":"purchasable","15":"product-type-simple"},"_links":{"self":[{"href":"https:\/\/vv.webdev.is\/en\/wp-json\/wp\/v2\/product\/22810","targetHints":{"allow":["GET"]}}],"collection":[{"href":"https:\/\/vv.webdev.is\/en\/wp-json\/wp\/v2\/product"}],"about":[{"href":"https:\/\/vv.webdev.is\/en\/wp-json\/wp\/v2\/types\/product"}],"replies":[{"embeddable":true,"href":"https:\/\/vv.webdev.is\/en\/wp-json\/wp\/v2\/comments?post=22810"}],"wp:featuredmedia":[{"embeddable":true,"href":"https:\/\/vv.webdev.is\/en\/wp-json\/wp\/v2\/media\/34468"}],"wp:attachment":[{"href":"https:\/\/vv.webdev.is\/en\/wp-json\/wp\/v2\/media?parent=22810"}],"wp:term":[{"taxonomy":"product_brand","embeddable":true,"href":"https:\/\/vv.webdev.is\/en\/wp-json\/wp\/v2\/product_brand?post=22810"},{"taxonomy":"product_cat","embeddable":true,"href":"https:\/\/vv.webdev.is\/en\/wp-json\/wp\/v2\/product_cat?post=22810"},{"taxonomy":"product_tag","embeddable":true,"href":"https:\/\/vv.webdev.is\/en\/wp-json\/wp\/v2\/product_tag?post=22810"}],"curies":[{"name":"wp","href":"https:\/\/api.w.org\/{rel}","templated":true}]}}