{"id":22848,"date":"2023-04-28T18:03:35","date_gmt":"2023-04-28T18:03:35","guid":{"rendered":"https:\/\/vv-dev.webdev.is\/?post_type=product&#038;p=22848"},"modified":"2025-02-06T14:16:33","modified_gmt":"2025-02-06T14:16:33","slug":"skil-stingsog-hledslu-kolalaus-motor-12v-pwrcore-2433ca-stok-an-rafhlada-eda-hledslutaekis","status":"publish","type":"product","link":"https:\/\/vv.webdev.is\/en\/verkfaeralausnir\/rafmagnsverkfaeri\/rafdrifnar-sagir\/product\/skil-stingsog-hledslu-kolalaus-motor-12v-pwrcore-2433ca-stok-an-rafhlada-eda-hledslutaekis\/","title":{"rendered":"SKIL Stings\u00f6g Hle\u00f0slu Kolalaus m\u00f3tor 12V PWRCORE"},"content":{"rendered":"<p>12VKolalaus m&#243;torHra&#240;i 800-3000 pr m&#237;nPend&#250;lstillingar 4 xSlaglengd 22mmS&#246;gun tr&#233; 90mm, &#225;l 20mm m&#225;lm 10mm2,1kg &#225;n rafhl&#246;&#240;u<\/p>","protected":false},"excerpt":{"rendered":"<p>ST\u00d6K\/\u00c1N RAFHLA\u00d0A E\u00d0A HLE\u00d0SLUT\u00c6KIS<\/p>\n<p>Tegund:&nbsp;2433CA&nbsp;<\/p>\n<p><\/p>","protected":false},"featured_media":33123,"comment_status":"closed","ping_status":"closed","template":"","meta":[],"product_brand":[],"product_cat":[515,592,743],"product_tag":[],"class_list":{"0":"post-22848","1":"product","2":"type-product","3":"status-publish","4":"has-post-thumbnail","6":"product_cat-verkfaeralausnir","7":"product_cat-rafmagnsverkfaeri","8":"product_cat-rafdrifnar-sagir","10":"first","11":"instock","12":"taxable","13":"shipping-taxable","14":"purchasable","15":"product-type-simple"},"_links":{"self":[{"href":"https:\/\/vv.webdev.is\/en\/wp-json\/wp\/v2\/product\/22848","targetHints":{"allow":["GET"]}}],"collection":[{"href":"https:\/\/vv.webdev.is\/en\/wp-json\/wp\/v2\/product"}],"about":[{"href":"https:\/\/vv.webdev.is\/en\/wp-json\/wp\/v2\/types\/product"}],"replies":[{"embeddable":true,"href":"https:\/\/vv.webdev.is\/en\/wp-json\/wp\/v2\/comments?post=22848"}],"wp:featuredmedia":[{"embeddable":true,"href":"https:\/\/vv.webdev.is\/en\/wp-json\/wp\/v2\/media\/33123"}],"wp:attachment":[{"href":"https:\/\/vv.webdev.is\/en\/wp-json\/wp\/v2\/media?parent=22848"}],"wp:term":[{"taxonomy":"product_brand","embeddable":true,"href":"https:\/\/vv.webdev.is\/en\/wp-json\/wp\/v2\/product_brand?post=22848"},{"taxonomy":"product_cat","embeddable":true,"href":"https:\/\/vv.webdev.is\/en\/wp-json\/wp\/v2\/product_cat?post=22848"},{"taxonomy":"product_tag","embeddable":true,"href":"https:\/\/vv.webdev.is\/en\/wp-json\/wp\/v2\/product_tag?post=22848"}],"curies":[{"name":"wp","href":"https:\/\/api.w.org\/{rel}","templated":true}]}}