{"id":22883,"date":"2023-04-28T18:03:17","date_gmt":"2023-04-28T18:03:17","guid":{"rendered":"https:\/\/vv-dev.webdev.is\/?post_type=product&#038;p=22883"},"modified":"2025-01-30T18:26:00","modified_gmt":"2025-01-30T18:26:00","slug":"ridder-griphalda-60cm-polerad-rydfr","status":"publish","type":"product","link":"https:\/\/vv.webdev.is\/en\/lykillausnir\/badherbergi-lykillausnir\/studningsvorur\/product\/ridder-griphalda-60cm-polerad-rydfr\/","title":{"rendered":"RIDDER Griphalda 60 cm"},"content":{"rendered":"<p>Haltu \u00e1fram a\u00f0 nota ba\u00f0kari\u00f0 \u00feitt e\u00f0a sturtu sj\u00e1lfst\u00e6tt og af \u00f6ryggi me\u00f0 RIDDER \u00f6ryggishandfanginu.<\/p>\n<p>Gripurinn fr\u00e1 RIDDER hefur veri\u00f0 pr\u00f3fa\u00f0ur og hefur h\u00e1marksbur\u00f0argetu upp \u00e1 110 kg. Kl\u00f3r\u00fe\u00e9tt h\u00fa\u00f0a\u00f0 \u00e1li\u00f0 gefur enga m\u00f6guleika \u00e1 ry\u00f0i og ry\u00f0fr\u00edu st\u00e1lskr\u00fafurnar eru huldar me\u00f0 samsvarandi hl\u00edfum fyrir sl\u00e9tt \u00fatlit.<\/p>\n<p>Innifali\u00f0 \u00ed afhendingu er handfang, uppsetningarefni og uppsetningarlei\u00f0beiningar.<\/p>\n<p>Litur: Kr\u00f3m<\/p>\n<p>St\u00f6ng lengd: Um \u00fea\u00f0 bil 60 cm<\/p>\n<p>\u00deverm\u00e1l st\u00f6ng: 3,2 cm<\/p>\n<p>H\u00e1marksbur\u00f0argeta: 110 kg<\/p>\n<p>Faldar skr\u00fafur \u00far ry\u00f0fr\u00edu st\u00e1li<\/p>\n<p>Au\u00f0velt a\u00f0 \u00fer\u00edfa<\/p>","protected":false},"excerpt":{"rendered":"<p>Tegund:&nbsp;A00160001<\/p>","protected":false},"featured_media":33045,"comment_status":"closed","ping_status":"closed","template":"","meta":[],"product_brand":[],"product_cat":[517,580,628],"product_tag":[],"class_list":{"0":"post-22883","1":"product","2":"type-product","3":"status-publish","4":"has-post-thumbnail","6":"product_cat-lykillausnir","7":"product_cat-badherbergi-lykillausnir","8":"product_cat-studningsvorur","10":"first","11":"instock","12":"taxable","13":"shipping-taxable","14":"purchasable","15":"product-type-simple"},"_links":{"self":[{"href":"https:\/\/vv.webdev.is\/en\/wp-json\/wp\/v2\/product\/22883","targetHints":{"allow":["GET"]}}],"collection":[{"href":"https:\/\/vv.webdev.is\/en\/wp-json\/wp\/v2\/product"}],"about":[{"href":"https:\/\/vv.webdev.is\/en\/wp-json\/wp\/v2\/types\/product"}],"replies":[{"embeddable":true,"href":"https:\/\/vv.webdev.is\/en\/wp-json\/wp\/v2\/comments?post=22883"}],"wp:featuredmedia":[{"embeddable":true,"href":"https:\/\/vv.webdev.is\/en\/wp-json\/wp\/v2\/media\/33045"}],"wp:attachment":[{"href":"https:\/\/vv.webdev.is\/en\/wp-json\/wp\/v2\/media?parent=22883"}],"wp:term":[{"taxonomy":"product_brand","embeddable":true,"href":"https:\/\/vv.webdev.is\/en\/wp-json\/wp\/v2\/product_brand?post=22883"},{"taxonomy":"product_cat","embeddable":true,"href":"https:\/\/vv.webdev.is\/en\/wp-json\/wp\/v2\/product_cat?post=22883"},{"taxonomy":"product_tag","embeddable":true,"href":"https:\/\/vv.webdev.is\/en\/wp-json\/wp\/v2\/product_tag?post=22883"}],"curies":[{"name":"wp","href":"https:\/\/api.w.org\/{rel}","templated":true}]}}