{"id":22949,"date":"2023-04-28T18:01:21","date_gmt":"2023-04-28T18:01:21","guid":{"rendered":"https:\/\/vv-dev.webdev.is\/?post_type=product&#038;p=22949"},"modified":"2025-02-17T14:01:27","modified_gmt":"2025-02-17T14:01:27","slug":"varta-hofudljos-sports-h20-pro-m-rafhl-200lumens","status":"publish","type":"product","link":"https:\/\/vv.webdev.is\/en\/lykillausnir\/utivistarvorur\/hofudljos\/product\/varta-hofudljos-sports-h20-pro-m-rafhl-200lumens\/","title":{"rendered":"VARTA H\u00f6fu\u00f0lj\u00f3s SPORTS H20 PRO m.Rafhl 200Lumens"},"content":{"rendered":"<p>Rafhla&#240;a: 3 X AAA rafhl&#246;&#240;ur<\/p>\n<p>Dr&#230;gni lj&#243;sgeisla: 50m<\/p>\n<p>Lj&#243;sstyrkur: 200 lumen<\/p>\n<p>&#222;yngd: 92g<\/p>","protected":false},"excerpt":{"rendered":"<p>Einfalt h\u00f6fu\u00f0lj\u00f3s fr\u00e1 VARTA.<\/p>","protected":false},"featured_media":32440,"comment_status":"closed","ping_status":"closed","template":"","meta":[],"product_brand":[],"product_cat":[517,601,695],"product_tag":[850],"class_list":{"0":"post-22949","1":"product","2":"type-product","3":"status-publish","4":"has-post-thumbnail","6":"product_cat-lykillausnir","7":"product_cat-utivistarvorur","8":"product_cat-hofudljos","9":"product_tag-varta","11":"first","12":"instock","13":"taxable","14":"shipping-taxable","15":"purchasable","16":"product-type-simple"},"_links":{"self":[{"href":"https:\/\/vv.webdev.is\/en\/wp-json\/wp\/v2\/product\/22949","targetHints":{"allow":["GET"]}}],"collection":[{"href":"https:\/\/vv.webdev.is\/en\/wp-json\/wp\/v2\/product"}],"about":[{"href":"https:\/\/vv.webdev.is\/en\/wp-json\/wp\/v2\/types\/product"}],"replies":[{"embeddable":true,"href":"https:\/\/vv.webdev.is\/en\/wp-json\/wp\/v2\/comments?post=22949"}],"wp:featuredmedia":[{"embeddable":true,"href":"https:\/\/vv.webdev.is\/en\/wp-json\/wp\/v2\/media\/32440"}],"wp:attachment":[{"href":"https:\/\/vv.webdev.is\/en\/wp-json\/wp\/v2\/media?parent=22949"}],"wp:term":[{"taxonomy":"product_brand","embeddable":true,"href":"https:\/\/vv.webdev.is\/en\/wp-json\/wp\/v2\/product_brand?post=22949"},{"taxonomy":"product_cat","embeddable":true,"href":"https:\/\/vv.webdev.is\/en\/wp-json\/wp\/v2\/product_cat?post=22949"},{"taxonomy":"product_tag","embeddable":true,"href":"https:\/\/vv.webdev.is\/en\/wp-json\/wp\/v2\/product_tag?post=22949"}],"curies":[{"name":"wp","href":"https:\/\/api.w.org\/{rel}","templated":true}]}}