{"id":23049,"date":"2023-04-28T18:00:06","date_gmt":"2023-04-28T18:00:06","guid":{"rendered":"https:\/\/vv-dev.webdev.is\/?post_type=product&#038;p=23049"},"modified":"2025-02-23T17:30:53","modified_gmt":"2025-02-23T17:30:53","slug":"vise-grip-krafttong-4-100mm-4ln-langnefja-med-bitara","status":"publish","type":"product","link":"https:\/\/vv.webdev.is\/en\/verkfaeralausnir\/handverkfaeri\/tangir\/product\/vise-grip-krafttong-4-100mm-4ln-langnefja-med-bitara\/","title":{"rendered":"VISE-GRIP Kraftt\u00f6ng 4&#8243; 100mm 4LN Langnefja me\u00f0 b\u00edtara"},"content":{"rendered":"","protected":false},"excerpt":{"rendered":"","protected":false},"featured_media":32113,"comment_status":"closed","ping_status":"closed","template":"","meta":[],"product_brand":[],"product_cat":[515,588,786],"product_tag":[],"class_list":{"0":"post-23049","1":"product","2":"type-product","3":"status-publish","4":"has-post-thumbnail","6":"product_cat-verkfaeralausnir","7":"product_cat-handverkfaeri","8":"product_cat-tangir","10":"first","11":"instock","12":"taxable","13":"shipping-taxable","14":"purchasable","15":"product-type-simple"},"_links":{"self":[{"href":"https:\/\/vv.webdev.is\/en\/wp-json\/wp\/v2\/product\/23049","targetHints":{"allow":["GET"]}}],"collection":[{"href":"https:\/\/vv.webdev.is\/en\/wp-json\/wp\/v2\/product"}],"about":[{"href":"https:\/\/vv.webdev.is\/en\/wp-json\/wp\/v2\/types\/product"}],"replies":[{"embeddable":true,"href":"https:\/\/vv.webdev.is\/en\/wp-json\/wp\/v2\/comments?post=23049"}],"wp:featuredmedia":[{"embeddable":true,"href":"https:\/\/vv.webdev.is\/en\/wp-json\/wp\/v2\/media\/32113"}],"wp:attachment":[{"href":"https:\/\/vv.webdev.is\/en\/wp-json\/wp\/v2\/media?parent=23049"}],"wp:term":[{"taxonomy":"product_brand","embeddable":true,"href":"https:\/\/vv.webdev.is\/en\/wp-json\/wp\/v2\/product_brand?post=23049"},{"taxonomy":"product_cat","embeddable":true,"href":"https:\/\/vv.webdev.is\/en\/wp-json\/wp\/v2\/product_cat?post=23049"},{"taxonomy":"product_tag","embeddable":true,"href":"https:\/\/vv.webdev.is\/en\/wp-json\/wp\/v2\/product_tag?post=23049"}],"curies":[{"name":"wp","href":"https:\/\/api.w.org\/{rel}","templated":true}]}}