{"id":23120,"date":"2023-04-28T17:59:22","date_gmt":"2023-04-28T17:59:22","guid":{"rendered":"https:\/\/vv-dev.webdev.is\/?post_type=product&#038;p=23120"},"modified":"2025-02-06T14:16:29","modified_gmt":"2025-02-06T14:16:29","slug":"skil-sverdsog-hledslu-kolalaus-motor-12v-pwrcore-2481ca-stok-an-rafhlada-eda-hledslutaekis","status":"publish","type":"product","link":"https:\/\/vv.webdev.is\/en\/verkfaeralausnir\/rafmagnsverkfaeri\/rafdrifnar-sagir\/product\/skil-sverdsog-hledslu-kolalaus-motor-12v-pwrcore-2481ca-stok-an-rafhlada-eda-hledslutaekis\/","title":{"rendered":"SKIL Sver\u00f0s\u00f6g Hle\u00f0slu Kolalaus m\u00f3tor 12V PWRCORE"},"content":{"rendered":"<p>12VKolalaus m&#243;torSlaglengd 19mmSn&#250;ningur 0-3000 pr m&#237;nS&#246;gun tr&#233; allt a&#240; 100mm, &#225;l allt a&#240; 16mm, r&#246;r allt a&#240; 60mm1,5kg &#225;n rafhl&#246;&#240;u<\/p>","protected":false},"excerpt":{"rendered":"<p>ST\u00d6K\/\u00c1N RAFHLA\u00d0A E\u00d0A HLE\u00d0SLUT\u00c6KIS<\/p>\n<p>Tegund:&nbsp;2481CA&nbsp;<\/p>","protected":false},"featured_media":31892,"comment_status":"closed","ping_status":"closed","template":"","meta":[],"product_brand":[],"product_cat":[515,592,743],"product_tag":[],"class_list":{"0":"post-23120","1":"product","2":"type-product","3":"status-publish","4":"has-post-thumbnail","6":"product_cat-verkfaeralausnir","7":"product_cat-rafmagnsverkfaeri","8":"product_cat-rafdrifnar-sagir","10":"first","11":"instock","12":"taxable","13":"shipping-taxable","14":"purchasable","15":"product-type-simple"},"_links":{"self":[{"href":"https:\/\/vv.webdev.is\/en\/wp-json\/wp\/v2\/product\/23120","targetHints":{"allow":["GET"]}}],"collection":[{"href":"https:\/\/vv.webdev.is\/en\/wp-json\/wp\/v2\/product"}],"about":[{"href":"https:\/\/vv.webdev.is\/en\/wp-json\/wp\/v2\/types\/product"}],"replies":[{"embeddable":true,"href":"https:\/\/vv.webdev.is\/en\/wp-json\/wp\/v2\/comments?post=23120"}],"wp:featuredmedia":[{"embeddable":true,"href":"https:\/\/vv.webdev.is\/en\/wp-json\/wp\/v2\/media\/31892"}],"wp:attachment":[{"href":"https:\/\/vv.webdev.is\/en\/wp-json\/wp\/v2\/media?parent=23120"}],"wp:term":[{"taxonomy":"product_brand","embeddable":true,"href":"https:\/\/vv.webdev.is\/en\/wp-json\/wp\/v2\/product_brand?post=23120"},{"taxonomy":"product_cat","embeddable":true,"href":"https:\/\/vv.webdev.is\/en\/wp-json\/wp\/v2\/product_cat?post=23120"},{"taxonomy":"product_tag","embeddable":true,"href":"https:\/\/vv.webdev.is\/en\/wp-json\/wp\/v2\/product_tag?post=23120"}],"curies":[{"name":"wp","href":"https:\/\/api.w.org\/{rel}","templated":true}]}}