{"id":23251,"date":"2023-04-28T17:58:18","date_gmt":"2023-04-28T17:58:18","guid":{"rendered":"https:\/\/vv-dev.webdev.is\/?post_type=product&#038;p=23251"},"modified":"2025-01-30T18:06:05","modified_gmt":"2025-01-30T18:06:05","slug":"fina-hurdarhandfong-vega-al-fyrir-assa-og-abloy-lashus","status":"publish","type":"product","link":"https:\/\/vv.webdev.is\/en\/lykillausnir\/hurdabunadur-lykillausnir\/hurdahandfong-m-lykillaufum\/product\/fina-hurdarhandfong-vega-al-fyrir-assa-og-abloy-lashus\/","title":{"rendered":"FINA Hur\u00f0arhandf\u00f6ng Vega \u00c1l fyrir ASSA og ABLOY L\u00e1sh\u00fas"},"content":{"rendered":"","protected":false},"excerpt":{"rendered":"","protected":false},"featured_media":31563,"comment_status":"closed","ping_status":"closed","template":"","meta":[],"product_brand":[],"product_cat":[517,597,918],"product_tag":[],"class_list":{"0":"post-23251","1":"product","2":"type-product","3":"status-publish","4":"has-post-thumbnail","6":"product_cat-lykillausnir","7":"product_cat-hurdabunadur-lykillausnir","8":"product_cat-hurdahandfong-m-lykillaufum","10":"first","11":"instock","12":"taxable","13":"shipping-taxable","14":"purchasable","15":"product-type-simple"},"_links":{"self":[{"href":"https:\/\/vv.webdev.is\/en\/wp-json\/wp\/v2\/product\/23251","targetHints":{"allow":["GET"]}}],"collection":[{"href":"https:\/\/vv.webdev.is\/en\/wp-json\/wp\/v2\/product"}],"about":[{"href":"https:\/\/vv.webdev.is\/en\/wp-json\/wp\/v2\/types\/product"}],"replies":[{"embeddable":true,"href":"https:\/\/vv.webdev.is\/en\/wp-json\/wp\/v2\/comments?post=23251"}],"wp:featuredmedia":[{"embeddable":true,"href":"https:\/\/vv.webdev.is\/en\/wp-json\/wp\/v2\/media\/31563"}],"wp:attachment":[{"href":"https:\/\/vv.webdev.is\/en\/wp-json\/wp\/v2\/media?parent=23251"}],"wp:term":[{"taxonomy":"product_brand","embeddable":true,"href":"https:\/\/vv.webdev.is\/en\/wp-json\/wp\/v2\/product_brand?post=23251"},{"taxonomy":"product_cat","embeddable":true,"href":"https:\/\/vv.webdev.is\/en\/wp-json\/wp\/v2\/product_cat?post=23251"},{"taxonomy":"product_tag","embeddable":true,"href":"https:\/\/vv.webdev.is\/en\/wp-json\/wp\/v2\/product_tag?post=23251"}],"curies":[{"name":"wp","href":"https:\/\/api.w.org\/{rel}","templated":true}]}}