{"id":23261,"date":"2023-04-28T17:58:14","date_gmt":"2023-04-28T17:58:14","guid":{"rendered":"https:\/\/vv-dev.webdev.is\/?post_type=product&#038;p=23261"},"modified":"2025-01-30T18:05:47","modified_gmt":"2025-01-30T18:05:47","slug":"sab-lashus-wc-f-rennihurd-cc40mm-mattkrom-2306-40ocs-ath-ekki-rettur-litur-a-mynd","status":"publish","type":"product","link":"https:\/\/vv.webdev.is\/en\/lykillausnir\/hurdabunadur-lykillausnir\/lashus-og-sluttjarn-hurdabunadur-lykillausnir\/product\/sab-lashus-wc-f-rennihurd-cc40mm-mattkrom-2306-40ocs-ath-ekki-rettur-litur-a-mynd\/","title":{"rendered":"SAB L\u00e1sh\u00fas WC f.rennihur\u00f0 cc40mm Mattkr\u00f3m 2306 40OCS (ath ekki r\u00e9ttur litur \u00e1 mynd)"},"content":{"rendered":"","protected":false},"excerpt":{"rendered":"","protected":false},"featured_media":31543,"comment_status":"closed","ping_status":"closed","template":"","meta":[],"product_brand":[],"product_cat":[517,597,671,674],"product_tag":[],"class_list":{"0":"post-23261","1":"product","2":"type-product","3":"status-publish","4":"has-post-thumbnail","6":"product_cat-lykillausnir","7":"product_cat-hurdabunadur-lykillausnir","8":"product_cat-lashus-og-sluttjarn-hurdabunadur-lykillausnir","9":"product_cat-rennihurdabrautir","11":"first","12":"instock","13":"taxable","14":"shipping-taxable","15":"purchasable","16":"product-type-simple"},"_links":{"self":[{"href":"https:\/\/vv.webdev.is\/en\/wp-json\/wp\/v2\/product\/23261","targetHints":{"allow":["GET"]}}],"collection":[{"href":"https:\/\/vv.webdev.is\/en\/wp-json\/wp\/v2\/product"}],"about":[{"href":"https:\/\/vv.webdev.is\/en\/wp-json\/wp\/v2\/types\/product"}],"replies":[{"embeddable":true,"href":"https:\/\/vv.webdev.is\/en\/wp-json\/wp\/v2\/comments?post=23261"}],"wp:featuredmedia":[{"embeddable":true,"href":"https:\/\/vv.webdev.is\/en\/wp-json\/wp\/v2\/media\/31543"}],"wp:attachment":[{"href":"https:\/\/vv.webdev.is\/en\/wp-json\/wp\/v2\/media?parent=23261"}],"wp:term":[{"taxonomy":"product_brand","embeddable":true,"href":"https:\/\/vv.webdev.is\/en\/wp-json\/wp\/v2\/product_brand?post=23261"},{"taxonomy":"product_cat","embeddable":true,"href":"https:\/\/vv.webdev.is\/en\/wp-json\/wp\/v2\/product_cat?post=23261"},{"taxonomy":"product_tag","embeddable":true,"href":"https:\/\/vv.webdev.is\/en\/wp-json\/wp\/v2\/product_tag?post=23261"}],"curies":[{"name":"wp","href":"https:\/\/api.w.org\/{rel}","templated":true}]}}