{"id":23615,"date":"2023-04-28T17:41:30","date_gmt":"2023-04-28T17:41:30","guid":{"rendered":"https:\/\/vv-dev.webdev.is\/?post_type=product&#038;p=23615"},"modified":"2025-01-30T17:21:26","modified_gmt":"2025-01-30T17:21:26","slug":"olivari-hurdarhandfang-alexandra-m-lykillaufum-krom-fyrir-thyskar-laesingar-honnun-f-a-porsche","status":"publish","type":"product","link":"https:\/\/vv.webdev.is\/en\/lykillausnir\/hurdabunadur-lykillausnir\/hurdahandfong-m-lykillaufum\/product\/olivari-hurdarhandfang-alexandra-m-lykillaufum-krom-fyrir-thyskar-laesingar-honnun-f-a-porsche\/","title":{"rendered":"OLIVARI Hur\u00f0arhandfang Alexandra m.lykillaufum Kr\u00f3m Fyrir \u00de\u00fdskar l\u00e6singar H\u00f6nnun F.A. Porsche"},"content":{"rendered":"","protected":false},"excerpt":{"rendered":"","protected":false},"featured_media":26035,"comment_status":"closed","ping_status":"closed","template":"","meta":[],"product_brand":[],"product_cat":[517,597,918],"product_tag":[],"class_list":{"0":"post-23615","1":"product","2":"type-product","3":"status-publish","4":"has-post-thumbnail","6":"product_cat-lykillausnir","7":"product_cat-hurdabunadur-lykillausnir","8":"product_cat-hurdahandfong-m-lykillaufum","10":"first","11":"instock","12":"taxable","13":"shipping-taxable","14":"purchasable","15":"product-type-simple"},"_links":{"self":[{"href":"https:\/\/vv.webdev.is\/en\/wp-json\/wp\/v2\/product\/23615","targetHints":{"allow":["GET"]}}],"collection":[{"href":"https:\/\/vv.webdev.is\/en\/wp-json\/wp\/v2\/product"}],"about":[{"href":"https:\/\/vv.webdev.is\/en\/wp-json\/wp\/v2\/types\/product"}],"replies":[{"embeddable":true,"href":"https:\/\/vv.webdev.is\/en\/wp-json\/wp\/v2\/comments?post=23615"}],"wp:featuredmedia":[{"embeddable":true,"href":"https:\/\/vv.webdev.is\/en\/wp-json\/wp\/v2\/media\/26035"}],"wp:attachment":[{"href":"https:\/\/vv.webdev.is\/en\/wp-json\/wp\/v2\/media?parent=23615"}],"wp:term":[{"taxonomy":"product_brand","embeddable":true,"href":"https:\/\/vv.webdev.is\/en\/wp-json\/wp\/v2\/product_brand?post=23615"},{"taxonomy":"product_cat","embeddable":true,"href":"https:\/\/vv.webdev.is\/en\/wp-json\/wp\/v2\/product_cat?post=23615"},{"taxonomy":"product_tag","embeddable":true,"href":"https:\/\/vv.webdev.is\/en\/wp-json\/wp\/v2\/product_tag?post=23615"}],"curies":[{"name":"wp","href":"https:\/\/api.w.org\/{rel}","templated":true}]}}