{"id":23642,"date":"2023-04-28T17:54:45","date_gmt":"2023-04-28T17:54:45","guid":{"rendered":"https:\/\/vv-dev.webdev.is\/?post_type=product&#038;p=23642"},"modified":"2025-01-30T17:51:59","modified_gmt":"2025-01-30T17:51:59","slug":"p-bisschop-hurdarhandfang-a-langskilti-frankfurt-ebenholz-nikkel-fyrir-skegglykil-fyrir-thyskar-laesi","status":"publish","type":"product","link":"https:\/\/vv.webdev.is\/en\/lykillausnir\/hurdabunadur-lykillausnir\/hurdahandfong-m-lykillaufum\/product\/p-bisschop-hurdarhandfang-a-langskilti-frankfurt-ebenholz-nikkel-fyrir-skegglykil-fyrir-thyskar-laesi\/","title":{"rendered":"P. BISSCHOP Hur\u00f0arhandfang \u00e1 langskilti FRANKFURT Ebenholz\/Nikkel fyrir skegglykil Fyrir \u00de\u00fdskar l\u00e6si"},"content":{"rendered":"","protected":false},"excerpt":{"rendered":"","protected":false},"featured_media":30371,"comment_status":"closed","ping_status":"closed","template":"","meta":[],"product_brand":[],"product_cat":[517,597,918],"product_tag":[],"class_list":{"0":"post-23642","1":"product","2":"type-product","3":"status-publish","4":"has-post-thumbnail","6":"product_cat-lykillausnir","7":"product_cat-hurdabunadur-lykillausnir","8":"product_cat-hurdahandfong-m-lykillaufum","10":"first","11":"instock","12":"taxable","13":"shipping-taxable","14":"purchasable","15":"product-type-simple"},"_links":{"self":[{"href":"https:\/\/vv.webdev.is\/en\/wp-json\/wp\/v2\/product\/23642","targetHints":{"allow":["GET"]}}],"collection":[{"href":"https:\/\/vv.webdev.is\/en\/wp-json\/wp\/v2\/product"}],"about":[{"href":"https:\/\/vv.webdev.is\/en\/wp-json\/wp\/v2\/types\/product"}],"replies":[{"embeddable":true,"href":"https:\/\/vv.webdev.is\/en\/wp-json\/wp\/v2\/comments?post=23642"}],"wp:featuredmedia":[{"embeddable":true,"href":"https:\/\/vv.webdev.is\/en\/wp-json\/wp\/v2\/media\/30371"}],"wp:attachment":[{"href":"https:\/\/vv.webdev.is\/en\/wp-json\/wp\/v2\/media?parent=23642"}],"wp:term":[{"taxonomy":"product_brand","embeddable":true,"href":"https:\/\/vv.webdev.is\/en\/wp-json\/wp\/v2\/product_brand?post=23642"},{"taxonomy":"product_cat","embeddable":true,"href":"https:\/\/vv.webdev.is\/en\/wp-json\/wp\/v2\/product_cat?post=23642"},{"taxonomy":"product_tag","embeddable":true,"href":"https:\/\/vv.webdev.is\/en\/wp-json\/wp\/v2\/product_tag?post=23642"}],"curies":[{"name":"wp","href":"https:\/\/api.w.org\/{rel}","templated":true}]}}