{"id":23691,"date":"2023-06-07T14:19:40","date_gmt":"2023-06-07T14:19:40","guid":{"rendered":"https:\/\/vv-dev.webdev.is\/?post_type=product&#038;p=23691"},"modified":"2025-01-30T18:45:13","modified_gmt":"2025-01-30T18:45:13","slug":"proox-sapuskammtari-05l-f-sotthreinsandi-gel-og-sapu-svartur-983x230x909mm","status":"publish","type":"product","link":"https:\/\/vv.webdev.is\/en\/lykillausnir\/badherbergi-lykillausnir\/sapuskammtarar-badherbergi-lykillausnir\/product\/proox-sapuskammtari-05l-f-sotthreinsandi-gel-og-sapu-svartur-983x230x909mm\/","title":{"rendered":"PROOX S\u00e1puskammtari 0,5L"},"content":{"rendered":"<p>H\u00e6\u00f0: 230mm<\/p>\n<p>Skammtari fyrir sj\u00fakrah\u00fas<\/p>\n<p>Til veggfestingar.<\/p>\n<p>Ry\u00f0fr\u00edtt st\u00e1l.<\/p>\n<p>Yfirbor\u00f0 me\u00f0 f\u00ednbursta\u00f0ri uppbyggingu.<\/p>\n<p>Armst\u00f6ng \u00far ry\u00f0fr\u00edu st\u00e1li.<\/p>\n<p>H\u00e1g\u00e6\u00f0a d\u00e6la fyrir 0,5 l\u00edtra s\u00e1pu.<\/p>\n<p>Framhli\u00f0 me\u00f0 1,5 mm \u00feykkt og glugga til a\u00f0 hengja \u00ed fl\u00f6sku.<\/p>\n<p>\u00dear me\u00f0 tali\u00f0 ry\u00f0fr\u00edu st\u00e1li skr\u00fafur og innstungur.<\/p>","protected":false},"excerpt":{"rendered":"<p>Tegund: DP-141-EB<\/p>\n<p>ATH a\u00f0eins 1 stk til \u00e1 lager<\/p>","protected":false},"featured_media":35031,"comment_status":"closed","ping_status":"closed","template":"","meta":[],"product_brand":[],"product_cat":[517,580,621],"product_tag":[],"class_list":{"0":"post-23691","1":"product","2":"type-product","3":"status-publish","4":"has-post-thumbnail","6":"product_cat-lykillausnir","7":"product_cat-badherbergi-lykillausnir","8":"product_cat-sapuskammtarar-badherbergi-lykillausnir","10":"first","11":"instock","12":"taxable","13":"shipping-taxable","14":"purchasable","15":"product-type-simple"},"_links":{"self":[{"href":"https:\/\/vv.webdev.is\/en\/wp-json\/wp\/v2\/product\/23691","targetHints":{"allow":["GET"]}}],"collection":[{"href":"https:\/\/vv.webdev.is\/en\/wp-json\/wp\/v2\/product"}],"about":[{"href":"https:\/\/vv.webdev.is\/en\/wp-json\/wp\/v2\/types\/product"}],"replies":[{"embeddable":true,"href":"https:\/\/vv.webdev.is\/en\/wp-json\/wp\/v2\/comments?post=23691"}],"wp:featuredmedia":[{"embeddable":true,"href":"https:\/\/vv.webdev.is\/en\/wp-json\/wp\/v2\/media\/35031"}],"wp:attachment":[{"href":"https:\/\/vv.webdev.is\/en\/wp-json\/wp\/v2\/media?parent=23691"}],"wp:term":[{"taxonomy":"product_brand","embeddable":true,"href":"https:\/\/vv.webdev.is\/en\/wp-json\/wp\/v2\/product_brand?post=23691"},{"taxonomy":"product_cat","embeddable":true,"href":"https:\/\/vv.webdev.is\/en\/wp-json\/wp\/v2\/product_cat?post=23691"},{"taxonomy":"product_tag","embeddable":true,"href":"https:\/\/vv.webdev.is\/en\/wp-json\/wp\/v2\/product_tag?post=23691"}],"curies":[{"name":"wp","href":"https:\/\/api.w.org\/{rel}","templated":true}]}}