{"id":23765,"date":"2023-06-07T14:23:13","date_gmt":"2023-06-07T14:23:13","guid":{"rendered":"https:\/\/vv-dev.webdev.is\/?post_type=product&#038;p=23765"},"modified":"2025-01-30T18:51:39","modified_gmt":"2025-01-30T18:51:39","slug":"smedbo-snagi-handklaedakrokur-house-messing","status":"publish","type":"product","link":"https:\/\/vv.webdev.is\/en\/lykillausnir\/heimilid-lykillausnir\/snagar-heimilid-lykillausnir\/product\/smedbo-snagi-handklaedakrokur-house-messing\/","title":{"rendered":"SMEDBO Snagi\/Handkl\u00e6\u00f0akr\u00f3kur HOUSE Messing"},"content":{"rendered":"","protected":false},"excerpt":{"rendered":"","protected":false},"featured_media":36117,"comment_status":"closed","ping_status":"closed","template":"","meta":[],"product_brand":[],"product_cat":[517,895,896],"product_tag":[],"class_list":{"0":"post-23765","1":"product","2":"type-product","3":"status-publish","4":"has-post-thumbnail","6":"product_cat-lykillausnir","7":"product_cat-heimilid-lykillausnir","8":"product_cat-snagar-heimilid-lykillausnir","10":"first","11":"instock","12":"taxable","13":"shipping-taxable","14":"purchasable","15":"product-type-simple"},"_links":{"self":[{"href":"https:\/\/vv.webdev.is\/en\/wp-json\/wp\/v2\/product\/23765","targetHints":{"allow":["GET"]}}],"collection":[{"href":"https:\/\/vv.webdev.is\/en\/wp-json\/wp\/v2\/product"}],"about":[{"href":"https:\/\/vv.webdev.is\/en\/wp-json\/wp\/v2\/types\/product"}],"replies":[{"embeddable":true,"href":"https:\/\/vv.webdev.is\/en\/wp-json\/wp\/v2\/comments?post=23765"}],"wp:featuredmedia":[{"embeddable":true,"href":"https:\/\/vv.webdev.is\/en\/wp-json\/wp\/v2\/media\/36117"}],"wp:attachment":[{"href":"https:\/\/vv.webdev.is\/en\/wp-json\/wp\/v2\/media?parent=23765"}],"wp:term":[{"taxonomy":"product_brand","embeddable":true,"href":"https:\/\/vv.webdev.is\/en\/wp-json\/wp\/v2\/product_brand?post=23765"},{"taxonomy":"product_cat","embeddable":true,"href":"https:\/\/vv.webdev.is\/en\/wp-json\/wp\/v2\/product_cat?post=23765"},{"taxonomy":"product_tag","embeddable":true,"href":"https:\/\/vv.webdev.is\/en\/wp-json\/wp\/v2\/product_tag?post=23765"}],"curies":[{"name":"wp","href":"https:\/\/api.w.org\/{rel}","templated":true}]}}