{"id":23923,"date":"2023-04-28T18:06:30","date_gmt":"2023-04-28T18:06:30","guid":{"rendered":"https:\/\/vv-dev.webdev.is\/?post_type=product&#038;p=23923"},"modified":"2025-01-30T18:38:56","modified_gmt":"2025-01-30T18:38:56","slug":"eclipse-jarnsagarblod-18t-10-stk-i-pakka-verd-pr-pakki","status":"publish","type":"product","link":"https:\/\/vv.webdev.is\/en\/verkfaeralausnir\/handverkfaeri\/sagir\/product\/eclipse-jarnsagarblod-18t-10-stk-i-pakka-verd-pr-pakki\/","title":{"rendered":"ECLIPSE J\u00e1rnsagarbl\u00f6\u00f0 18T 10 stk \u00ed pakka Ver\u00f0 pr pakki"},"content":{"rendered":"","protected":false},"excerpt":{"rendered":"","protected":false},"featured_media":34026,"comment_status":"closed","ping_status":"closed","template":"","meta":[],"product_brand":[],"product_cat":[515,588,775],"product_tag":[],"class_list":{"0":"post-23923","1":"product","2":"type-product","3":"status-publish","4":"has-post-thumbnail","6":"product_cat-verkfaeralausnir","7":"product_cat-handverkfaeri","8":"product_cat-sagir","10":"first","11":"instock","12":"taxable","13":"shipping-taxable","14":"purchasable","15":"product-type-simple"},"_links":{"self":[{"href":"https:\/\/vv.webdev.is\/en\/wp-json\/wp\/v2\/product\/23923","targetHints":{"allow":["GET"]}}],"collection":[{"href":"https:\/\/vv.webdev.is\/en\/wp-json\/wp\/v2\/product"}],"about":[{"href":"https:\/\/vv.webdev.is\/en\/wp-json\/wp\/v2\/types\/product"}],"replies":[{"embeddable":true,"href":"https:\/\/vv.webdev.is\/en\/wp-json\/wp\/v2\/comments?post=23923"}],"wp:featuredmedia":[{"embeddable":true,"href":"https:\/\/vv.webdev.is\/en\/wp-json\/wp\/v2\/media\/34026"}],"wp:attachment":[{"href":"https:\/\/vv.webdev.is\/en\/wp-json\/wp\/v2\/media?parent=23923"}],"wp:term":[{"taxonomy":"product_brand","embeddable":true,"href":"https:\/\/vv.webdev.is\/en\/wp-json\/wp\/v2\/product_brand?post=23923"},{"taxonomy":"product_cat","embeddable":true,"href":"https:\/\/vv.webdev.is\/en\/wp-json\/wp\/v2\/product_cat?post=23923"},{"taxonomy":"product_tag","embeddable":true,"href":"https:\/\/vv.webdev.is\/en\/wp-json\/wp\/v2\/product_tag?post=23923"}],"curies":[{"name":"wp","href":"https:\/\/api.w.org\/{rel}","templated":true}]}}