{"id":24021,"date":"2023-04-28T18:05:38","date_gmt":"2023-04-28T18:05:38","guid":{"rendered":"https:\/\/vv-dev.webdev.is\/?post_type=product&#038;p=24021"},"modified":"2025-01-30T18:35:49","modified_gmt":"2025-01-30T18:35:49","slug":"dorma-neydarutgangssett-en179-deak-901-rydfr-vinstri-lashusskiltasett-fyrir-assa-urtak","status":"publish","type":"product","link":"https:\/\/vv.webdev.is\/en\/lykillausnir\/hurdabunadur-lykillausnir\/neydarutgangsslar\/product\/dorma-neydarutgangssett-en179-deak-901-rydfr-vinstri-lashusskiltasett-fyrir-assa-urtak\/","title":{"rendered":"Dorma Ney\u00f0ar\u00fatgangssett EN179 DEAK 901 Ry\u00f0fr Vinstri L\u00e1sh\u00fas+skiltasett Fyrir ASSA \u00fartak"},"content":{"rendered":"","protected":false},"excerpt":{"rendered":"","protected":false},"featured_media":33768,"comment_status":"closed","ping_status":"closed","template":"","meta":[],"product_brand":[],"product_cat":[517,597,672],"product_tag":[],"class_list":{"0":"post-24021","1":"product","2":"type-product","3":"status-publish","4":"has-post-thumbnail","6":"product_cat-lykillausnir","7":"product_cat-hurdabunadur-lykillausnir","8":"product_cat-neydarutgangsslar","10":"first","11":"instock","12":"taxable","13":"shipping-taxable","14":"purchasable","15":"product-type-simple"},"_links":{"self":[{"href":"https:\/\/vv.webdev.is\/en\/wp-json\/wp\/v2\/product\/24021","targetHints":{"allow":["GET"]}}],"collection":[{"href":"https:\/\/vv.webdev.is\/en\/wp-json\/wp\/v2\/product"}],"about":[{"href":"https:\/\/vv.webdev.is\/en\/wp-json\/wp\/v2\/types\/product"}],"replies":[{"embeddable":true,"href":"https:\/\/vv.webdev.is\/en\/wp-json\/wp\/v2\/comments?post=24021"}],"wp:featuredmedia":[{"embeddable":true,"href":"https:\/\/vv.webdev.is\/en\/wp-json\/wp\/v2\/media\/33768"}],"wp:attachment":[{"href":"https:\/\/vv.webdev.is\/en\/wp-json\/wp\/v2\/media?parent=24021"}],"wp:term":[{"taxonomy":"product_brand","embeddable":true,"href":"https:\/\/vv.webdev.is\/en\/wp-json\/wp\/v2\/product_brand?post=24021"},{"taxonomy":"product_cat","embeddable":true,"href":"https:\/\/vv.webdev.is\/en\/wp-json\/wp\/v2\/product_cat?post=24021"},{"taxonomy":"product_tag","embeddable":true,"href":"https:\/\/vv.webdev.is\/en\/wp-json\/wp\/v2\/product_tag?post=24021"}],"curies":[{"name":"wp","href":"https:\/\/api.w.org\/{rel}","templated":true}]}}