{"id":24298,"date":"2023-04-28T17:50:11","date_gmt":"2023-04-28T17:50:11","guid":{"rendered":"https:\/\/vv-dev.webdev.is\/?post_type=product&#038;p=24298"},"modified":"2025-01-30T17:40:44","modified_gmt":"2025-01-30T17:40:44","slug":"briton-neydarutgangssla-1200mm-571-1-se-silfur-touch-bar-en1125","status":"publish","type":"product","link":"https:\/\/vv.webdev.is\/en\/lykillausnir\/hurdabunadur-lykillausnir\/neydarutgangsslar\/product\/briton-neydarutgangssla-1200mm-571-1-se-silfur-touch-bar-en1125\/","title":{"rendered":"BRITON Ney\u00f0ar\u00fatgangssl\u00e1 1200mm 571.1.SE Silfur TOUCH BAR EN1125"},"content":{"rendered":"","protected":false},"excerpt":{"rendered":"","protected":false},"featured_media":28812,"comment_status":"closed","ping_status":"closed","template":"","meta":[],"product_brand":[],"product_cat":[517,597,672],"product_tag":[],"class_list":{"0":"post-24298","1":"product","2":"type-product","3":"status-publish","4":"has-post-thumbnail","6":"product_cat-lykillausnir","7":"product_cat-hurdabunadur-lykillausnir","8":"product_cat-neydarutgangsslar","10":"first","11":"instock","12":"taxable","13":"shipping-taxable","14":"purchasable","15":"product-type-simple"},"_links":{"self":[{"href":"https:\/\/vv.webdev.is\/en\/wp-json\/wp\/v2\/product\/24298","targetHints":{"allow":["GET"]}}],"collection":[{"href":"https:\/\/vv.webdev.is\/en\/wp-json\/wp\/v2\/product"}],"about":[{"href":"https:\/\/vv.webdev.is\/en\/wp-json\/wp\/v2\/types\/product"}],"replies":[{"embeddable":true,"href":"https:\/\/vv.webdev.is\/en\/wp-json\/wp\/v2\/comments?post=24298"}],"wp:featuredmedia":[{"embeddable":true,"href":"https:\/\/vv.webdev.is\/en\/wp-json\/wp\/v2\/media\/28812"}],"wp:attachment":[{"href":"https:\/\/vv.webdev.is\/en\/wp-json\/wp\/v2\/media?parent=24298"}],"wp:term":[{"taxonomy":"product_brand","embeddable":true,"href":"https:\/\/vv.webdev.is\/en\/wp-json\/wp\/v2\/product_brand?post=24298"},{"taxonomy":"product_cat","embeddable":true,"href":"https:\/\/vv.webdev.is\/en\/wp-json\/wp\/v2\/product_cat?post=24298"},{"taxonomy":"product_tag","embeddable":true,"href":"https:\/\/vv.webdev.is\/en\/wp-json\/wp\/v2\/product_tag?post=24298"}],"curies":[{"name":"wp","href":"https:\/\/api.w.org\/{rel}","templated":true}]}}