{"id":24481,"date":"2023-04-28T18:01:43","date_gmt":"2023-04-28T18:01:43","guid":{"rendered":"https:\/\/vv-dev.webdev.is\/?post_type=product&#038;p=24481"},"modified":"2025-02-26T11:58:16","modified_gmt":"2025-02-26T11:58:16","slug":"frost-spegill-bord-unu-u4122-c-kopar","status":"publish","type":"product","link":"https:\/\/vv.webdev.is\/en\/lykillausnir\/badherbergi-lykillausnir\/snyrtispeglar-badherbergi-lykillausnir\/product\/frost-spegill-bord-unu-u4122-c-kopar\/","title":{"rendered":"FROST Unu Snyrtispegill"},"content":{"rendered":"<p>D\u00fdpt: 125 mm<\/p>\n<p>H\u00e6\u00f0: 210 mm<\/p>\n<p>Breidd: 100 mm<\/p>\n<p>\u00deyngd: 0,2 kg.<\/p>\n<p>H\u00f6nnun: B\u00f8nnelycke MDD<\/p>\n<p>Efni: Ry\u00f0fr\u00edtt st\u00e1l<\/p>\n<p>Litur: Sl\u00edpa\u00f0ur kopar<\/p>","protected":false},"excerpt":{"rendered":"<p>Tegund:&nbsp;U4122-C<\/p>\n<p>ATH a\u00f0eins 2 stk til \u00e1 lager&nbsp;<\/p>","protected":false},"featured_media":32587,"comment_status":"closed","ping_status":"closed","template":"","meta":[],"product_brand":[],"product_cat":[518,544,569,517,580,626],"product_tag":[1012,1013],"class_list":{"0":"post-24481","1":"product","2":"type-product","3":"status-publish","4":"has-post-thumbnail","6":"product_cat-honnunarlausnir","7":"product_cat-heimilid","8":"product_cat-snyrtispeglar-heimilid","9":"product_cat-lykillausnir","10":"product_cat-badherbergi-lykillausnir","11":"product_cat-snyrtispeglar-badherbergi-lykillausnir","12":"product_tag-frost","13":"product_tag-unu","15":"first","16":"instock","17":"taxable","18":"shipping-taxable","19":"purchasable","20":"product-type-simple"},"_links":{"self":[{"href":"https:\/\/vv.webdev.is\/en\/wp-json\/wp\/v2\/product\/24481","targetHints":{"allow":["GET"]}}],"collection":[{"href":"https:\/\/vv.webdev.is\/en\/wp-json\/wp\/v2\/product"}],"about":[{"href":"https:\/\/vv.webdev.is\/en\/wp-json\/wp\/v2\/types\/product"}],"replies":[{"embeddable":true,"href":"https:\/\/vv.webdev.is\/en\/wp-json\/wp\/v2\/comments?post=24481"}],"wp:featuredmedia":[{"embeddable":true,"href":"https:\/\/vv.webdev.is\/en\/wp-json\/wp\/v2\/media\/32587"}],"wp:attachment":[{"href":"https:\/\/vv.webdev.is\/en\/wp-json\/wp\/v2\/media?parent=24481"}],"wp:term":[{"taxonomy":"product_brand","embeddable":true,"href":"https:\/\/vv.webdev.is\/en\/wp-json\/wp\/v2\/product_brand?post=24481"},{"taxonomy":"product_cat","embeddable":true,"href":"https:\/\/vv.webdev.is\/en\/wp-json\/wp\/v2\/product_cat?post=24481"},{"taxonomy":"product_tag","embeddable":true,"href":"https:\/\/vv.webdev.is\/en\/wp-json\/wp\/v2\/product_tag?post=24481"}],"curies":[{"name":"wp","href":"https:\/\/api.w.org\/{rel}","templated":true}]}}