{"id":24504,"date":"2023-04-28T17:48:40","date_gmt":"2023-04-28T17:48:40","guid":{"rendered":"https:\/\/vv-dev.webdev.is\/?post_type=product&#038;p=24504"},"modified":"2025-01-30T17:37:18","modified_gmt":"2025-01-30T17:37:18","slug":"line-18-hurdarhandfang-l-laga-18mm-svart-an-rosettu-7024-20-line-18-fra-randi","status":"publish","type":"product","link":"https:\/\/vv.webdev.is\/en\/lykillausnir\/hurdabunadur-lykillausnir\/hurdarhunar-hurdabunadur-lykillausnir\/product\/line-18-hurdarhandfang-l-laga-18mm-svart-an-rosettu-7024-20-line-18-fra-randi\/","title":{"rendered":"Line 18 Hur\u00f0arhandfang L laga 18mm Svart \u00e1n r\u00f3settu 7024.20 Line 18 fr\u00e1 Randi"},"content":{"rendered":"","protected":false},"excerpt":{"rendered":"","protected":false},"featured_media":28327,"comment_status":"closed","ping_status":"closed","template":"","meta":[],"product_brand":[],"product_cat":[517,597,667],"product_tag":[991],"class_list":{"0":"post-24504","1":"product","2":"type-product","3":"status-publish","4":"has-post-thumbnail","6":"product_cat-lykillausnir","7":"product_cat-hurdabunadur-lykillausnir","8":"product_cat-hurdarhunar-hurdabunadur-lykillausnir","9":"product_tag-randi","11":"first","12":"instock","13":"taxable","14":"shipping-taxable","15":"purchasable","16":"product-type-simple"},"_links":{"self":[{"href":"https:\/\/vv.webdev.is\/en\/wp-json\/wp\/v2\/product\/24504","targetHints":{"allow":["GET"]}}],"collection":[{"href":"https:\/\/vv.webdev.is\/en\/wp-json\/wp\/v2\/product"}],"about":[{"href":"https:\/\/vv.webdev.is\/en\/wp-json\/wp\/v2\/types\/product"}],"replies":[{"embeddable":true,"href":"https:\/\/vv.webdev.is\/en\/wp-json\/wp\/v2\/comments?post=24504"}],"wp:featuredmedia":[{"embeddable":true,"href":"https:\/\/vv.webdev.is\/en\/wp-json\/wp\/v2\/media\/28327"}],"wp:attachment":[{"href":"https:\/\/vv.webdev.is\/en\/wp-json\/wp\/v2\/media?parent=24504"}],"wp:term":[{"taxonomy":"product_brand","embeddable":true,"href":"https:\/\/vv.webdev.is\/en\/wp-json\/wp\/v2\/product_brand?post=24504"},{"taxonomy":"product_cat","embeddable":true,"href":"https:\/\/vv.webdev.is\/en\/wp-json\/wp\/v2\/product_cat?post=24504"},{"taxonomy":"product_tag","embeddable":true,"href":"https:\/\/vv.webdev.is\/en\/wp-json\/wp\/v2\/product_tag?post=24504"}],"curies":[{"name":"wp","href":"https:\/\/api.w.org\/{rel}","templated":true}]}}