{"id":24532,"date":"2023-04-28T17:47:21","date_gmt":"2023-04-28T17:47:21","guid":{"rendered":"https:\/\/vv-dev.webdev.is\/?post_type=product&#038;p=24532"},"modified":"2025-02-26T13:00:22","modified_gmt":"2025-02-26T13:00:22","slug":"beslagsboden-hurdarhandfang-b155-svart-fyrir-assa-laesingar-an-aukahluta","status":"publish","type":"product","link":"https:\/\/vv.webdev.is\/en\/lykillausnir\/hurdabunadur-lykillausnir\/hurdarhunar-hurdabunadur-lykillausnir\/product\/beslagsboden-hurdarhandfang-b155-svart-fyrir-assa-laesingar-an-aukahluta\/","title":{"rendered":"BESLAGSBODEN Hur\u00f0arhandfang B155 Svart fyrir ASSA L\u00e6singar \u00e1n aukahluta"},"content":{"rendered":"","protected":false},"excerpt":{"rendered":"<p>Svart hur\u00f0arhandfang fr\u00e1 Beslagsboden<\/p>","protected":false},"featured_media":27998,"comment_status":"closed","ping_status":"closed","template":"","meta":[],"product_brand":[],"product_cat":[517,597,667],"product_tag":[],"class_list":{"0":"post-24532","1":"product","2":"type-product","3":"status-publish","4":"has-post-thumbnail","6":"product_cat-lykillausnir","7":"product_cat-hurdabunadur-lykillausnir","8":"product_cat-hurdarhunar-hurdabunadur-lykillausnir","10":"first","11":"instock","12":"taxable","13":"shipping-taxable","14":"purchasable","15":"product-type-simple"},"_links":{"self":[{"href":"https:\/\/vv.webdev.is\/en\/wp-json\/wp\/v2\/product\/24532","targetHints":{"allow":["GET"]}}],"collection":[{"href":"https:\/\/vv.webdev.is\/en\/wp-json\/wp\/v2\/product"}],"about":[{"href":"https:\/\/vv.webdev.is\/en\/wp-json\/wp\/v2\/types\/product"}],"replies":[{"embeddable":true,"href":"https:\/\/vv.webdev.is\/en\/wp-json\/wp\/v2\/comments?post=24532"}],"wp:featuredmedia":[{"embeddable":true,"href":"https:\/\/vv.webdev.is\/en\/wp-json\/wp\/v2\/media\/27998"}],"wp:attachment":[{"href":"https:\/\/vv.webdev.is\/en\/wp-json\/wp\/v2\/media?parent=24532"}],"wp:term":[{"taxonomy":"product_brand","embeddable":true,"href":"https:\/\/vv.webdev.is\/en\/wp-json\/wp\/v2\/product_brand?post=24532"},{"taxonomy":"product_cat","embeddable":true,"href":"https:\/\/vv.webdev.is\/en\/wp-json\/wp\/v2\/product_cat?post=24532"},{"taxonomy":"product_tag","embeddable":true,"href":"https:\/\/vv.webdev.is\/en\/wp-json\/wp\/v2\/product_tag?post=24532"}],"curies":[{"name":"wp","href":"https:\/\/api.w.org\/{rel}","templated":true}]}}