{"id":24538,"date":"2023-04-28T17:48:16","date_gmt":"2023-04-28T17:48:16","guid":{"rendered":"https:\/\/vv-dev.webdev.is\/?post_type=product&#038;p=24538"},"modified":"2025-01-30T17:36:35","modified_gmt":"2025-01-30T17:36:35","slug":"ssf-lashus-din-thyskur-stadall-fyrir-euro-profile-sylinder-pz-messing-vinstri-55-24-72mn","status":"publish","type":"product","link":"https:\/\/vv.webdev.is\/en\/lykillausnir\/hurdabunadur-lykillausnir\/lashus-og-sluttjarn-hurdabunadur-lykillausnir\/product\/ssf-lashus-din-thyskur-stadall-fyrir-euro-profile-sylinder-pz-messing-vinstri-55-24-72mn\/","title":{"rendered":"SSF L\u00e1sh\u00fas DIN \u00de\u00fdskur sta\u00f0all fyrir Euro profile sylinder PZ Messing Vinstri 55\/24\/72mn"},"content":{"rendered":"","protected":false},"excerpt":{"rendered":"","protected":false},"featured_media":28243,"comment_status":"closed","ping_status":"closed","template":"","meta":[],"product_brand":[],"product_cat":[517,597,671],"product_tag":[],"class_list":{"0":"post-24538","1":"product","2":"type-product","3":"status-publish","4":"has-post-thumbnail","6":"product_cat-lykillausnir","7":"product_cat-hurdabunadur-lykillausnir","8":"product_cat-lashus-og-sluttjarn-hurdabunadur-lykillausnir","10":"first","11":"instock","12":"taxable","13":"shipping-taxable","14":"purchasable","15":"product-type-simple"},"_links":{"self":[{"href":"https:\/\/vv.webdev.is\/en\/wp-json\/wp\/v2\/product\/24538","targetHints":{"allow":["GET"]}}],"collection":[{"href":"https:\/\/vv.webdev.is\/en\/wp-json\/wp\/v2\/product"}],"about":[{"href":"https:\/\/vv.webdev.is\/en\/wp-json\/wp\/v2\/types\/product"}],"replies":[{"embeddable":true,"href":"https:\/\/vv.webdev.is\/en\/wp-json\/wp\/v2\/comments?post=24538"}],"wp:featuredmedia":[{"embeddable":true,"href":"https:\/\/vv.webdev.is\/en\/wp-json\/wp\/v2\/media\/28243"}],"wp:attachment":[{"href":"https:\/\/vv.webdev.is\/en\/wp-json\/wp\/v2\/media?parent=24538"}],"wp:term":[{"taxonomy":"product_brand","embeddable":true,"href":"https:\/\/vv.webdev.is\/en\/wp-json\/wp\/v2\/product_brand?post=24538"},{"taxonomy":"product_cat","embeddable":true,"href":"https:\/\/vv.webdev.is\/en\/wp-json\/wp\/v2\/product_cat?post=24538"},{"taxonomy":"product_tag","embeddable":true,"href":"https:\/\/vv.webdev.is\/en\/wp-json\/wp\/v2\/product_tag?post=24538"}],"curies":[{"name":"wp","href":"https:\/\/api.w.org\/{rel}","templated":true}]}}