{"id":24693,"date":"2023-04-28T17:45:59","date_gmt":"2023-04-28T17:45:59","guid":{"rendered":"https:\/\/vv-dev.webdev.is\/?post_type=product&#038;p=24693"},"modified":"2025-01-30T17:31:56","modified_gmt":"2025-01-30T17:31:56","slug":"briton-neydarutgangssla-376-xx-mattmessing-l-sett-ath-ekki-rett-aferd-a-mynd","status":"publish","type":"product","link":"https:\/\/vv.webdev.is\/en\/lykillausnir\/hurdabunadur-lykillausnir\/neydarutgangsslar\/product\/briton-neydarutgangssla-376-xx-mattmessing-l-sett-ath-ekki-rett-aferd-a-mynd\/","title":{"rendered":"BRITON Ney\u00f0ar\u00fatgangssl\u00e1 376.XX Mattmessing L Sett (ath ekki r\u00e9tt \u00e1fer\u00f0 \u00e1 mynd)"},"content":{"rendered":"","protected":false},"excerpt":{"rendered":"","protected":false},"featured_media":27599,"comment_status":"closed","ping_status":"closed","template":"","meta":[],"product_brand":[],"product_cat":[517,597,672],"product_tag":[],"class_list":{"0":"post-24693","1":"product","2":"type-product","3":"status-publish","4":"has-post-thumbnail","6":"product_cat-lykillausnir","7":"product_cat-hurdabunadur-lykillausnir","8":"product_cat-neydarutgangsslar","10":"first","11":"instock","12":"taxable","13":"shipping-taxable","14":"purchasable","15":"product-type-simple"},"_links":{"self":[{"href":"https:\/\/vv.webdev.is\/en\/wp-json\/wp\/v2\/product\/24693","targetHints":{"allow":["GET"]}}],"collection":[{"href":"https:\/\/vv.webdev.is\/en\/wp-json\/wp\/v2\/product"}],"about":[{"href":"https:\/\/vv.webdev.is\/en\/wp-json\/wp\/v2\/types\/product"}],"replies":[{"embeddable":true,"href":"https:\/\/vv.webdev.is\/en\/wp-json\/wp\/v2\/comments?post=24693"}],"wp:featuredmedia":[{"embeddable":true,"href":"https:\/\/vv.webdev.is\/en\/wp-json\/wp\/v2\/media\/27599"}],"wp:attachment":[{"href":"https:\/\/vv.webdev.is\/en\/wp-json\/wp\/v2\/media?parent=24693"}],"wp:term":[{"taxonomy":"product_brand","embeddable":true,"href":"https:\/\/vv.webdev.is\/en\/wp-json\/wp\/v2\/product_brand?post=24693"},{"taxonomy":"product_cat","embeddable":true,"href":"https:\/\/vv.webdev.is\/en\/wp-json\/wp\/v2\/product_cat?post=24693"},{"taxonomy":"product_tag","embeddable":true,"href":"https:\/\/vv.webdev.is\/en\/wp-json\/wp\/v2\/product_tag?post=24693"}],"curies":[{"name":"wp","href":"https:\/\/api.w.org\/{rel}","templated":true}]}}