{"id":24744,"date":"2023-04-28T17:59:46","date_gmt":"2023-04-28T17:59:46","guid":{"rendered":"https:\/\/vv-dev.webdev.is\/?post_type=product&#038;p=24744"},"modified":"2025-02-24T15:02:25","modified_gmt":"2025-02-24T15:02:25","slug":"frost-wc-bursti-haldari-nova2-rydfr-glans-golf-o1970","status":"publish","type":"product","link":"https:\/\/vv.webdev.is\/en\/lykillausnir\/badherbergi-lykillausnir\/salernisburstar-badherbergi-lykillausnir\/product\/frost-wc-bursti-haldari-nova2-rydfr-glans-golf-o1970\/","title":{"rendered":"FROST Nova2 Kl\u00f3settbursti"},"content":{"rendered":"<p>\u00deverm\u00e1l: \u00d870 mm<\/p>\n<p>H\u00e6\u00f0: 365 mm<\/p>\n<p>\u00deyngd: 1,5 kg.<\/p>\n<p>H\u00f6nnun: B\u00f8nnelycke MDD<\/p>","protected":false},"excerpt":{"rendered":"<p>Tegund:&nbsp;O1970<\/p>\n<p>ATH a\u00f0eins 2 stk til \u00e1 lager<\/p>","protected":false},"featured_media":32032,"comment_status":"closed","ping_status":"closed","template":"","meta":[],"product_brand":[],"product_cat":[518,542,552,517,580,619],"product_tag":[1012],"class_list":{"0":"post-24744","1":"product","2":"type-product","3":"status-publish","4":"has-post-thumbnail","6":"product_cat-honnunarlausnir","7":"product_cat-badherbergi","8":"product_cat-salernisburstar-badherbergi","9":"product_cat-lykillausnir","10":"product_cat-badherbergi-lykillausnir","11":"product_cat-salernisburstar-badherbergi-lykillausnir","12":"product_tag-frost","14":"first","15":"instock","16":"taxable","17":"shipping-taxable","18":"purchasable","19":"product-type-simple"},"_links":{"self":[{"href":"https:\/\/vv.webdev.is\/en\/wp-json\/wp\/v2\/product\/24744","targetHints":{"allow":["GET"]}}],"collection":[{"href":"https:\/\/vv.webdev.is\/en\/wp-json\/wp\/v2\/product"}],"about":[{"href":"https:\/\/vv.webdev.is\/en\/wp-json\/wp\/v2\/types\/product"}],"replies":[{"embeddable":true,"href":"https:\/\/vv.webdev.is\/en\/wp-json\/wp\/v2\/comments?post=24744"}],"wp:featuredmedia":[{"embeddable":true,"href":"https:\/\/vv.webdev.is\/en\/wp-json\/wp\/v2\/media\/32032"}],"wp:attachment":[{"href":"https:\/\/vv.webdev.is\/en\/wp-json\/wp\/v2\/media?parent=24744"}],"wp:term":[{"taxonomy":"product_brand","embeddable":true,"href":"https:\/\/vv.webdev.is\/en\/wp-json\/wp\/v2\/product_brand?post=24744"},{"taxonomy":"product_cat","embeddable":true,"href":"https:\/\/vv.webdev.is\/en\/wp-json\/wp\/v2\/product_cat?post=24744"},{"taxonomy":"product_tag","embeddable":true,"href":"https:\/\/vv.webdev.is\/en\/wp-json\/wp\/v2\/product_tag?post=24744"}],"curies":[{"name":"wp","href":"https:\/\/api.w.org\/{rel}","templated":true}]}}