{"id":24762,"date":"2023-04-28T17:59:39","date_gmt":"2023-04-28T17:59:39","guid":{"rendered":"https:\/\/vv-dev.webdev.is\/?post_type=product&#038;p=24762"},"modified":"2025-01-30T18:11:49","modified_gmt":"2025-01-30T18:11:49","slug":"autosol-metal-miracle-250ml","status":"publish","type":"product","link":"https:\/\/vv.webdev.is\/en\/verkfaeralausnir\/efnavorur-verkfaeralausnir\/bon-og-gljaar-efnavorur-verkfaeralausnir\/product\/autosol-metal-miracle-250ml\/","title":{"rendered":"AUTOSOL METAL MIRACLE 250ML"},"content":{"rendered":"","protected":false},"excerpt":{"rendered":"<p>Efni til a\u00f0 f\u00e6gja hluti \u00far m\u00e1lmum eins og handf\u00f6ng, \u00edssk\u00e1pa og vaska.<\/p>","protected":false},"featured_media":31992,"comment_status":"closed","ping_status":"closed","template":"","meta":[],"product_brand":[],"product_cat":[515,586,800],"product_tag":[],"class_list":{"0":"post-24762","1":"product","2":"type-product","3":"status-publish","4":"has-post-thumbnail","6":"product_cat-verkfaeralausnir","7":"product_cat-efnavorur-verkfaeralausnir","8":"product_cat-bon-og-gljaar-efnavorur-verkfaeralausnir","10":"first","11":"instock","12":"taxable","13":"shipping-taxable","14":"purchasable","15":"product-type-simple"},"_links":{"self":[{"href":"https:\/\/vv.webdev.is\/en\/wp-json\/wp\/v2\/product\/24762","targetHints":{"allow":["GET"]}}],"collection":[{"href":"https:\/\/vv.webdev.is\/en\/wp-json\/wp\/v2\/product"}],"about":[{"href":"https:\/\/vv.webdev.is\/en\/wp-json\/wp\/v2\/types\/product"}],"replies":[{"embeddable":true,"href":"https:\/\/vv.webdev.is\/en\/wp-json\/wp\/v2\/comments?post=24762"}],"wp:featuredmedia":[{"embeddable":true,"href":"https:\/\/vv.webdev.is\/en\/wp-json\/wp\/v2\/media\/31992"}],"wp:attachment":[{"href":"https:\/\/vv.webdev.is\/en\/wp-json\/wp\/v2\/media?parent=24762"}],"wp:term":[{"taxonomy":"product_brand","embeddable":true,"href":"https:\/\/vv.webdev.is\/en\/wp-json\/wp\/v2\/product_brand?post=24762"},{"taxonomy":"product_cat","embeddable":true,"href":"https:\/\/vv.webdev.is\/en\/wp-json\/wp\/v2\/product_cat?post=24762"},{"taxonomy":"product_tag","embeddable":true,"href":"https:\/\/vv.webdev.is\/en\/wp-json\/wp\/v2\/product_tag?post=24762"}],"curies":[{"name":"wp","href":"https:\/\/api.w.org\/{rel}","templated":true}]}}