{"id":24859,"date":"2023-06-07T14:22:40","date_gmt":"2023-06-07T14:22:40","guid":{"rendered":"https:\/\/vv-dev.webdev.is\/?post_type=product&#038;p=24859"},"modified":"2025-02-24T12:33:28","modified_gmt":"2025-02-24T12:33:28","slug":"proox-wc-rullu-haldari-jumbo-svartur-dp-350-ath-ekki-rettur-litur-a-mynd","status":"publish","type":"product","link":"https:\/\/vv.webdev.is\/en\/lykillausnir\/badherbergi-lykillausnir\/salernirsrulluhaldarar\/product\/proox-wc-rullu-haldari-jumbo-svartur-dp-350-ath-ekki-rettur-litur-a-mynd\/","title":{"rendered":"PROOX Jumbo Kl\u00f3settr\u00falluhaldari Svartur  (Ath ekki r\u00e9ttur litur \u00e1 mynd)"},"content":{"rendered":"","protected":false},"excerpt":{"rendered":"<p><b>&nbsp;(Ath ekki r\u00e9ttur litur \u00e1 mynd) SVARTUR<\/b><\/p>\n<p>Tegund:&nbsp;DP-350<\/p>","protected":false},"featured_media":35947,"comment_status":"closed","ping_status":"closed","template":"","meta":[],"product_brand":[],"product_cat":[518,542,551,517,580,618],"product_tag":[],"class_list":{"0":"post-24859","1":"product","2":"type-product","3":"status-publish","4":"has-post-thumbnail","6":"product_cat-honnunarlausnir","7":"product_cat-badherbergi","8":"product_cat-rulluhaldarar","9":"product_cat-lykillausnir","10":"product_cat-badherbergi-lykillausnir","11":"product_cat-salernirsrulluhaldarar","13":"first","14":"instock","15":"taxable","16":"shipping-taxable","17":"purchasable","18":"product-type-simple"},"_links":{"self":[{"href":"https:\/\/vv.webdev.is\/en\/wp-json\/wp\/v2\/product\/24859","targetHints":{"allow":["GET"]}}],"collection":[{"href":"https:\/\/vv.webdev.is\/en\/wp-json\/wp\/v2\/product"}],"about":[{"href":"https:\/\/vv.webdev.is\/en\/wp-json\/wp\/v2\/types\/product"}],"replies":[{"embeddable":true,"href":"https:\/\/vv.webdev.is\/en\/wp-json\/wp\/v2\/comments?post=24859"}],"wp:featuredmedia":[{"embeddable":true,"href":"https:\/\/vv.webdev.is\/en\/wp-json\/wp\/v2\/media\/35947"}],"wp:attachment":[{"href":"https:\/\/vv.webdev.is\/en\/wp-json\/wp\/v2\/media?parent=24859"}],"wp:term":[{"taxonomy":"product_brand","embeddable":true,"href":"https:\/\/vv.webdev.is\/en\/wp-json\/wp\/v2\/product_brand?post=24859"},{"taxonomy":"product_cat","embeddable":true,"href":"https:\/\/vv.webdev.is\/en\/wp-json\/wp\/v2\/product_cat?post=24859"},{"taxonomy":"product_tag","embeddable":true,"href":"https:\/\/vv.webdev.is\/en\/wp-json\/wp\/v2\/product_tag?post=24859"}],"curies":[{"name":"wp","href":"https:\/\/api.w.org\/{rel}","templated":true}]}}