{"id":24927,"date":"2023-04-28T17:44:11","date_gmt":"2023-04-28T17:44:11","guid":{"rendered":"https:\/\/vv-dev.webdev.is\/?post_type=product&#038;p=24927"},"modified":"2025-01-30T17:27:56","modified_gmt":"2025-01-30T17:27:56","slug":"randi-wc-sett-p315593te-classic-line-messing-thyskar-laesingar","status":"publish","type":"product","link":"https:\/\/vv.webdev.is\/en\/lykillausnir\/hurdabunadur-lykillausnir\/wc-sett-hurdabunadur-lykillausnir\/product\/randi-wc-sett-p315593te-classic-line-messing-thyskar-laesingar\/","title":{"rendered":"RANDI Classic Line Kl\u00f3settsnerilsett f. \u00de\u00fdskar l\u00e6singar"},"content":{"rendered":"","protected":false},"excerpt":{"rendered":"<p>Tegund:&nbsp;P315593TE&nbsp;<\/p>","protected":false},"featured_media":27049,"comment_status":"closed","ping_status":"closed","template":"","meta":[],"product_brand":[],"product_cat":[517,597,903],"product_tag":[991],"class_list":{"0":"post-24927","1":"product","2":"type-product","3":"status-publish","4":"has-post-thumbnail","6":"product_cat-lykillausnir","7":"product_cat-hurdabunadur-lykillausnir","8":"product_cat-wc-sett-hurdabunadur-lykillausnir","9":"product_tag-randi","11":"first","12":"instock","13":"taxable","14":"shipping-taxable","15":"purchasable","16":"product-type-simple"},"_links":{"self":[{"href":"https:\/\/vv.webdev.is\/en\/wp-json\/wp\/v2\/product\/24927","targetHints":{"allow":["GET"]}}],"collection":[{"href":"https:\/\/vv.webdev.is\/en\/wp-json\/wp\/v2\/product"}],"about":[{"href":"https:\/\/vv.webdev.is\/en\/wp-json\/wp\/v2\/types\/product"}],"replies":[{"embeddable":true,"href":"https:\/\/vv.webdev.is\/en\/wp-json\/wp\/v2\/comments?post=24927"}],"wp:featuredmedia":[{"embeddable":true,"href":"https:\/\/vv.webdev.is\/en\/wp-json\/wp\/v2\/media\/27049"}],"wp:attachment":[{"href":"https:\/\/vv.webdev.is\/en\/wp-json\/wp\/v2\/media?parent=24927"}],"wp:term":[{"taxonomy":"product_brand","embeddable":true,"href":"https:\/\/vv.webdev.is\/en\/wp-json\/wp\/v2\/product_brand?post=24927"},{"taxonomy":"product_cat","embeddable":true,"href":"https:\/\/vv.webdev.is\/en\/wp-json\/wp\/v2\/product_cat?post=24927"},{"taxonomy":"product_tag","embeddable":true,"href":"https:\/\/vv.webdev.is\/en\/wp-json\/wp\/v2\/product_tag?post=24927"}],"curies":[{"name":"wp","href":"https:\/\/api.w.org\/{rel}","templated":true}]}}