{"id":25555,"date":"2023-04-28T17:40:13","date_gmt":"2023-04-28T17:40:13","guid":{"rendered":"https:\/\/vv-dev.webdev.is\/?post_type=product&#038;p=25555"},"modified":"2025-02-06T13:31:16","modified_gmt":"2025-02-06T13:31:16","slug":"skil-red-x-borhamar-hledslu-sds-kolalaus-3850ca-an-rafhladna-eda-hledslutaekis","status":"publish","type":"product","link":"https:\/\/vv.webdev.is\/en\/verkfaeralausnir\/rafmagnsverkfaeri\/borhamrar\/product\/skil-red-x-borhamar-hledslu-sds-kolalaus-3850ca-an-rafhladna-eda-hledslutaekis\/","title":{"rendered":"SKIL RED X Borhamar hle\u00f0slu SDS+ Kolalaus 3850CA \u00e1n rafhla\u00f0na e\u00f0a hle\u00f0slut\u00e6kis"},"content":{"rendered":"","protected":false},"excerpt":{"rendered":"<p>ATH. EINUNGIS TIL 1 STK \u00c1 LAGER<\/p>\n<p>20V Max SKIL 3850 er fyrir fer\u00f0arl\u00edtill og \u00f6flugur 4 \u00ed 1 Borhamar til a\u00f0 bora og m\u00f3ta \u00ed steinsteypu sem og til hef\u00f0bundinna borunar- og skr\u00fafverka.<\/p>","protected":false},"featured_media":25554,"comment_status":"closed","ping_status":"closed","template":"","meta":[],"product_brand":[],"product_cat":[515,592,728],"product_tag":[],"class_list":{"0":"post-25555","1":"product","2":"type-product","3":"status-publish","4":"has-post-thumbnail","6":"product_cat-verkfaeralausnir","7":"product_cat-rafmagnsverkfaeri","8":"product_cat-borhamrar","10":"first","11":"instock","12":"taxable","13":"shipping-taxable","14":"purchasable","15":"product-type-simple"},"_links":{"self":[{"href":"https:\/\/vv.webdev.is\/en\/wp-json\/wp\/v2\/product\/25555","targetHints":{"allow":["GET"]}}],"collection":[{"href":"https:\/\/vv.webdev.is\/en\/wp-json\/wp\/v2\/product"}],"about":[{"href":"https:\/\/vv.webdev.is\/en\/wp-json\/wp\/v2\/types\/product"}],"replies":[{"embeddable":true,"href":"https:\/\/vv.webdev.is\/en\/wp-json\/wp\/v2\/comments?post=25555"}],"wp:featuredmedia":[{"embeddable":true,"href":"https:\/\/vv.webdev.is\/en\/wp-json\/wp\/v2\/media\/25554"}],"wp:attachment":[{"href":"https:\/\/vv.webdev.is\/en\/wp-json\/wp\/v2\/media?parent=25555"}],"wp:term":[{"taxonomy":"product_brand","embeddable":true,"href":"https:\/\/vv.webdev.is\/en\/wp-json\/wp\/v2\/product_brand?post=25555"},{"taxonomy":"product_cat","embeddable":true,"href":"https:\/\/vv.webdev.is\/en\/wp-json\/wp\/v2\/product_cat?post=25555"},{"taxonomy":"product_tag","embeddable":true,"href":"https:\/\/vv.webdev.is\/en\/wp-json\/wp\/v2\/product_tag?post=25555"}],"curies":[{"name":"wp","href":"https:\/\/api.w.org\/{rel}","templated":true}]}}