{"id":25698,"date":"2023-04-28T17:40:36","date_gmt":"2023-04-28T17:40:36","guid":{"rendered":"https:\/\/vv-dev.webdev.is\/?post_type=product&#038;p=25698"},"modified":"2025-01-30T17:19:23","modified_gmt":"2025-01-30T17:19:23","slug":"normbau-hurdarhandfang-l-m-wc-snerli-rydfr-en1906-3-hagaeda-f-heimili-ofl-thyskur-stadall","status":"publish","type":"product","link":"https:\/\/vv.webdev.is\/en\/lykillausnir\/hurdabunadur-lykillausnir\/hurdahandfong-m-lykillaufum\/product\/normbau-hurdarhandfang-l-m-wc-snerli-rydfr-en1906-3-hagaeda-f-heimili-ofl-thyskur-stadall\/","title":{"rendered":"NORMBAU Hur\u00f0arhandfang L m.wc snerli Ry\u00f0fr EN1906\/3 h\u00e1g\u00e6\u00f0a f.heimili ofl \u00de\u00ddSKUR STA\u00d0ALL"},"content":{"rendered":"","protected":false},"excerpt":{"rendered":"","protected":false},"featured_media":25697,"comment_status":"closed","ping_status":"closed","template":"","meta":[],"product_brand":[],"product_cat":[517,597,918],"product_tag":[],"class_list":{"0":"post-25698","1":"product","2":"type-product","3":"status-publish","4":"has-post-thumbnail","6":"product_cat-lykillausnir","7":"product_cat-hurdabunadur-lykillausnir","8":"product_cat-hurdahandfong-m-lykillaufum","10":"first","11":"instock","12":"taxable","13":"shipping-taxable","14":"purchasable","15":"product-type-simple"},"_links":{"self":[{"href":"https:\/\/vv.webdev.is\/en\/wp-json\/wp\/v2\/product\/25698","targetHints":{"allow":["GET"]}}],"collection":[{"href":"https:\/\/vv.webdev.is\/en\/wp-json\/wp\/v2\/product"}],"about":[{"href":"https:\/\/vv.webdev.is\/en\/wp-json\/wp\/v2\/types\/product"}],"replies":[{"embeddable":true,"href":"https:\/\/vv.webdev.is\/en\/wp-json\/wp\/v2\/comments?post=25698"}],"wp:featuredmedia":[{"embeddable":true,"href":"https:\/\/vv.webdev.is\/en\/wp-json\/wp\/v2\/media\/25697"}],"wp:attachment":[{"href":"https:\/\/vv.webdev.is\/en\/wp-json\/wp\/v2\/media?parent=25698"}],"wp:term":[{"taxonomy":"product_brand","embeddable":true,"href":"https:\/\/vv.webdev.is\/en\/wp-json\/wp\/v2\/product_brand?post=25698"},{"taxonomy":"product_cat","embeddable":true,"href":"https:\/\/vv.webdev.is\/en\/wp-json\/wp\/v2\/product_cat?post=25698"},{"taxonomy":"product_tag","embeddable":true,"href":"https:\/\/vv.webdev.is\/en\/wp-json\/wp\/v2\/product_tag?post=25698"}],"curies":[{"name":"wp","href":"https:\/\/api.w.org\/{rel}","templated":true}]}}