{"id":25808,"date":"2023-04-28T17:40:55","date_gmt":"2023-04-28T17:40:55","guid":{"rendered":"https:\/\/vv-dev.webdev.is\/?post_type=product&#038;p=25808"},"modified":"2025-01-30T17:20:05","modified_gmt":"2025-01-30T17:20:05","slug":"knipex-sidubitur-med-vogarafli-pvc-140mm-7401-140","status":"publish","type":"product","link":"https:\/\/vv.webdev.is\/en\/verkfaeralausnir\/handverkfaeri\/tangir\/product\/knipex-sidubitur-med-vogarafli-pvc-140mm-7401-140\/","title":{"rendered":"KNIPEX S\u00ed\u00f0ub\u00edtur me\u00f0 Vogarafli PVC 140mm 7401 140"},"content":{"rendered":"","protected":false},"excerpt":{"rendered":"","protected":false},"featured_media":25807,"comment_status":"closed","ping_status":"closed","template":"","meta":[],"product_brand":[],"product_cat":[515,588,786],"product_tag":[],"class_list":{"0":"post-25808","1":"product","2":"type-product","3":"status-publish","4":"has-post-thumbnail","6":"product_cat-verkfaeralausnir","7":"product_cat-handverkfaeri","8":"product_cat-tangir","10":"first","11":"instock","12":"taxable","13":"shipping-taxable","14":"purchasable","15":"product-type-simple"},"_links":{"self":[{"href":"https:\/\/vv.webdev.is\/en\/wp-json\/wp\/v2\/product\/25808","targetHints":{"allow":["GET"]}}],"collection":[{"href":"https:\/\/vv.webdev.is\/en\/wp-json\/wp\/v2\/product"}],"about":[{"href":"https:\/\/vv.webdev.is\/en\/wp-json\/wp\/v2\/types\/product"}],"replies":[{"embeddable":true,"href":"https:\/\/vv.webdev.is\/en\/wp-json\/wp\/v2\/comments?post=25808"}],"wp:featuredmedia":[{"embeddable":true,"href":"https:\/\/vv.webdev.is\/en\/wp-json\/wp\/v2\/media\/25807"}],"wp:attachment":[{"href":"https:\/\/vv.webdev.is\/en\/wp-json\/wp\/v2\/media?parent=25808"}],"wp:term":[{"taxonomy":"product_brand","embeddable":true,"href":"https:\/\/vv.webdev.is\/en\/wp-json\/wp\/v2\/product_brand?post=25808"},{"taxonomy":"product_cat","embeddable":true,"href":"https:\/\/vv.webdev.is\/en\/wp-json\/wp\/v2\/product_cat?post=25808"},{"taxonomy":"product_tag","embeddable":true,"href":"https:\/\/vv.webdev.is\/en\/wp-json\/wp\/v2\/product_tag?post=25808"}],"curies":[{"name":"wp","href":"https:\/\/api.w.org\/{rel}","templated":true}]}}