{"id":25861,"date":"2023-04-28T17:41:05","date_gmt":"2023-04-28T17:41:05","guid":{"rendered":"https:\/\/vv-dev.webdev.is\/?post_type=product&#038;p=25861"},"modified":"2025-02-06T14:16:01","modified_gmt":"2025-02-06T14:16:01","slug":"skil-vinkilskrufvel-hledslu-kolalaus-motor-12v-pwrcore-2231ca-stok-an-rafhlada-eda-hledslutaekis","status":"publish","type":"product","link":"https:\/\/vv.webdev.is\/en\/verkfaeralausnir\/rafmagnsverkfaeri\/borvelar-rafmagnsverkfaeri\/product\/skil-vinkilskrufvel-hledslu-kolalaus-motor-12v-pwrcore-2231ca-stok-an-rafhlada-eda-hledslutaekis\/","title":{"rendered":"SKIL Vinkilskr\u00fafv\u00e9l Hle\u00f0slu Kolalaus m\u00f3tor 12V PWRCORE"},"content":{"rendered":"<p>12VKolalaus m&#243;tor0-2700 sn.m&#237;n130Nm0-3750 sl&#246;g pr m&#237;n1,1kg &#225;n rafhl&#246;&#240;u<\/p>","protected":false},"excerpt":{"rendered":"<p>ST\u00d6K\/\u00c1N RAFHLA\u00d0A E\u00d0A HLE\u00d0SLUT\u00c6KIS<\/p>\n<p>Tegund:&nbsp;2231CA&nbsp;<\/p>","protected":false},"featured_media":25858,"comment_status":"closed","ping_status":"closed","template":"","meta":[],"product_brand":[],"product_cat":[515,592,729],"product_tag":[],"class_list":{"0":"post-25861","1":"product","2":"type-product","3":"status-publish","4":"has-post-thumbnail","6":"product_cat-verkfaeralausnir","7":"product_cat-rafmagnsverkfaeri","8":"product_cat-borvelar-rafmagnsverkfaeri","10":"first","11":"instock","12":"taxable","13":"shipping-taxable","14":"purchasable","15":"product-type-simple"},"_links":{"self":[{"href":"https:\/\/vv.webdev.is\/en\/wp-json\/wp\/v2\/product\/25861","targetHints":{"allow":["GET"]}}],"collection":[{"href":"https:\/\/vv.webdev.is\/en\/wp-json\/wp\/v2\/product"}],"about":[{"href":"https:\/\/vv.webdev.is\/en\/wp-json\/wp\/v2\/types\/product"}],"replies":[{"embeddable":true,"href":"https:\/\/vv.webdev.is\/en\/wp-json\/wp\/v2\/comments?post=25861"}],"wp:featuredmedia":[{"embeddable":true,"href":"https:\/\/vv.webdev.is\/en\/wp-json\/wp\/v2\/media\/25858"}],"wp:attachment":[{"href":"https:\/\/vv.webdev.is\/en\/wp-json\/wp\/v2\/media?parent=25861"}],"wp:term":[{"taxonomy":"product_brand","embeddable":true,"href":"https:\/\/vv.webdev.is\/en\/wp-json\/wp\/v2\/product_brand?post=25861"},{"taxonomy":"product_cat","embeddable":true,"href":"https:\/\/vv.webdev.is\/en\/wp-json\/wp\/v2\/product_cat?post=25861"},{"taxonomy":"product_tag","embeddable":true,"href":"https:\/\/vv.webdev.is\/en\/wp-json\/wp\/v2\/product_tag?post=25861"}],"curies":[{"name":"wp","href":"https:\/\/api.w.org\/{rel}","templated":true}]}}