{"id":25887,"date":"2023-04-28T17:41:06","date_gmt":"2023-04-28T17:41:06","guid":{"rendered":"https:\/\/vv-dev.webdev.is\/?post_type=product&#038;p=25887"},"modified":"2025-01-30T17:20:30","modified_gmt":"2025-01-30T17:20:30","slug":"ces-syl-sn-ep-c640-40x40mm-brons-psm-lokadur-profill-euro-profile-sylinder","status":"publish","type":"product","link":"https:\/\/vv.webdev.is\/en\/lykillausnir\/hurdabunadur-lykillausnir\/sylinder\/product\/ces-syl-sn-ep-c640-40x40mm-brons-psm-lokadur-profill-euro-profile-sylinder\/","title":{"rendered":"CES Syl\/Sn EP C640 40x40mm BRONS PSM Loka\u00f0ur Pr\u00f3f\u00edll Euro Profile Sylinder"},"content":{"rendered":"","protected":false},"excerpt":{"rendered":"<p>ath ekki r\u00e9ttur litur \u00e1 mynd<\/p>","protected":false},"featured_media":25885,"comment_status":"closed","ping_status":"closed","template":"","meta":[],"product_brand":[],"product_cat":[517,597,676],"product_tag":[],"class_list":{"0":"post-25887","1":"product","2":"type-product","3":"status-publish","4":"has-post-thumbnail","6":"product_cat-lykillausnir","7":"product_cat-hurdabunadur-lykillausnir","8":"product_cat-sylinder","10":"first","11":"instock","12":"taxable","13":"shipping-taxable","14":"purchasable","15":"product-type-simple"},"_links":{"self":[{"href":"https:\/\/vv.webdev.is\/en\/wp-json\/wp\/v2\/product\/25887","targetHints":{"allow":["GET"]}}],"collection":[{"href":"https:\/\/vv.webdev.is\/en\/wp-json\/wp\/v2\/product"}],"about":[{"href":"https:\/\/vv.webdev.is\/en\/wp-json\/wp\/v2\/types\/product"}],"replies":[{"embeddable":true,"href":"https:\/\/vv.webdev.is\/en\/wp-json\/wp\/v2\/comments?post=25887"}],"wp:featuredmedia":[{"embeddable":true,"href":"https:\/\/vv.webdev.is\/en\/wp-json\/wp\/v2\/media\/25885"}],"wp:attachment":[{"href":"https:\/\/vv.webdev.is\/en\/wp-json\/wp\/v2\/media?parent=25887"}],"wp:term":[{"taxonomy":"product_brand","embeddable":true,"href":"https:\/\/vv.webdev.is\/en\/wp-json\/wp\/v2\/product_brand?post=25887"},{"taxonomy":"product_cat","embeddable":true,"href":"https:\/\/vv.webdev.is\/en\/wp-json\/wp\/v2\/product_cat?post=25887"},{"taxonomy":"product_tag","embeddable":true,"href":"https:\/\/vv.webdev.is\/en\/wp-json\/wp\/v2\/product_tag?post=25887"}],"curies":[{"name":"wp","href":"https:\/\/api.w.org\/{rel}","templated":true}]}}