{"id":26133,"date":"2023-04-28T17:41:43","date_gmt":"2023-04-28T17:41:43","guid":{"rendered":"https:\/\/vv-dev.webdev.is\/uncategorized\/product\/kfv-lashus-din-pz-55-24-rydfr-med-krok\/"},"modified":"2025-01-30T17:21:53","modified_gmt":"2025-01-30T17:21:53","slug":"kfv-lashus-din-pz-55-24-rydfr-med-krok","status":"publish","type":"product","link":"https:\/\/vv.webdev.is\/en\/lykillausnir\/hurdabunadur-lykillausnir\/lashus-og-sluttjarn-hurdabunadur-lykillausnir\/product\/kfv-lashus-din-pz-55-24-rydfr-med-krok\/","title":{"rendered":"KFV L\u00e1sh\u00fas DIN PZ 55 24 Ry\u00f0fr me\u00f0 kr\u00f3k"},"content":{"rendered":"","protected":false},"excerpt":{"rendered":"<p>L\u00e1sh\u00fas fyrir s\u00edlinder me\u00f0 kr\u00f3k, DIN PZ 55 24 RF m.kr\u00f3k<\/p>","protected":false},"featured_media":26131,"comment_status":"closed","ping_status":"closed","template":"","meta":[],"product_brand":[],"product_cat":[517,597,671],"product_tag":[],"class_list":{"0":"post-26133","1":"product","2":"type-product","3":"status-publish","4":"has-post-thumbnail","6":"product_cat-lykillausnir","7":"product_cat-hurdabunadur-lykillausnir","8":"product_cat-lashus-og-sluttjarn-hurdabunadur-lykillausnir","10":"first","11":"instock","12":"taxable","13":"shipping-taxable","14":"purchasable","15":"product-type-simple"},"_links":{"self":[{"href":"https:\/\/vv.webdev.is\/en\/wp-json\/wp\/v2\/product\/26133","targetHints":{"allow":["GET"]}}],"collection":[{"href":"https:\/\/vv.webdev.is\/en\/wp-json\/wp\/v2\/product"}],"about":[{"href":"https:\/\/vv.webdev.is\/en\/wp-json\/wp\/v2\/types\/product"}],"replies":[{"embeddable":true,"href":"https:\/\/vv.webdev.is\/en\/wp-json\/wp\/v2\/comments?post=26133"}],"wp:featuredmedia":[{"embeddable":true,"href":"https:\/\/vv.webdev.is\/en\/wp-json\/wp\/v2\/media\/26131"}],"wp:attachment":[{"href":"https:\/\/vv.webdev.is\/en\/wp-json\/wp\/v2\/media?parent=26133"}],"wp:term":[{"taxonomy":"product_brand","embeddable":true,"href":"https:\/\/vv.webdev.is\/en\/wp-json\/wp\/v2\/product_brand?post=26133"},{"taxonomy":"product_cat","embeddable":true,"href":"https:\/\/vv.webdev.is\/en\/wp-json\/wp\/v2\/product_cat?post=26133"},{"taxonomy":"product_tag","embeddable":true,"href":"https:\/\/vv.webdev.is\/en\/wp-json\/wp\/v2\/product_tag?post=26133"}],"curies":[{"name":"wp","href":"https:\/\/api.w.org\/{rel}","templated":true}]}}