{"id":26293,"date":"2023-04-28T17:42:10","date_gmt":"2023-04-28T17:42:10","guid":{"rendered":"https:\/\/vv-dev.webdev.is\/uncategorized\/product\/rennsteig-rortong-s-1-1-2-standard-framleidd-i-thyskalandi-hluti-af-knipex-group\/"},"modified":"2025-01-30T17:22:41","modified_gmt":"2025-01-30T17:22:41","slug":"rennsteig-rortong-s-1-1-2-standard-framleidd-i-thyskalandi-hluti-af-knipex-group","status":"publish","type":"product","link":"https:\/\/vv.webdev.is\/en\/verkfaeralausnir\/handverkfaeri\/pipulagningarverkfaeri\/product\/rennsteig-rortong-s-1-1-2-standard-framleidd-i-thyskalandi-hluti-af-knipex-group\/","title":{"rendered":"RENNSTEIG R\u00f6rt\u00f6ng S 1 1\/2&#8243; Standard Framleidd \u00ed \u00de\u00fdskalandi -Hluti af Knipex Group"},"content":{"rendered":"","protected":false},"excerpt":{"rendered":"<p>m\/hra\u00f0f\u00e6rsluS-Kjaftur<\/p>","protected":false},"featured_media":26292,"comment_status":"closed","ping_status":"closed","template":"","meta":[],"product_brand":[],"product_cat":[515,588,774],"product_tag":[],"class_list":{"0":"post-26293","1":"product","2":"type-product","3":"status-publish","4":"has-post-thumbnail","6":"product_cat-verkfaeralausnir","7":"product_cat-handverkfaeri","8":"product_cat-pipulagningarverkfaeri","10":"first","11":"instock","12":"taxable","13":"shipping-taxable","14":"purchasable","15":"product-type-simple"},"_links":{"self":[{"href":"https:\/\/vv.webdev.is\/en\/wp-json\/wp\/v2\/product\/26293","targetHints":{"allow":["GET"]}}],"collection":[{"href":"https:\/\/vv.webdev.is\/en\/wp-json\/wp\/v2\/product"}],"about":[{"href":"https:\/\/vv.webdev.is\/en\/wp-json\/wp\/v2\/types\/product"}],"replies":[{"embeddable":true,"href":"https:\/\/vv.webdev.is\/en\/wp-json\/wp\/v2\/comments?post=26293"}],"wp:featuredmedia":[{"embeddable":true,"href":"https:\/\/vv.webdev.is\/en\/wp-json\/wp\/v2\/media\/26292"}],"wp:attachment":[{"href":"https:\/\/vv.webdev.is\/en\/wp-json\/wp\/v2\/media?parent=26293"}],"wp:term":[{"taxonomy":"product_brand","embeddable":true,"href":"https:\/\/vv.webdev.is\/en\/wp-json\/wp\/v2\/product_brand?post=26293"},{"taxonomy":"product_cat","embeddable":true,"href":"https:\/\/vv.webdev.is\/en\/wp-json\/wp\/v2\/product_cat?post=26293"},{"taxonomy":"product_tag","embeddable":true,"href":"https:\/\/vv.webdev.is\/en\/wp-json\/wp\/v2\/product_tag?post=26293"}],"curies":[{"name":"wp","href":"https:\/\/api.w.org\/{rel}","templated":true}]}}