{"id":26733,"date":"2023-04-28T17:43:19","date_gmt":"2023-04-28T17:43:19","guid":{"rendered":"https:\/\/vv-dev.webdev.is\/uncategorized\/product\/jnf-halda-kontud-110x110mm-rydfr-in16224110-innfelld\/"},"modified":"2025-01-30T17:25:38","modified_gmt":"2025-01-30T17:25:38","slug":"jnf-halda-kontud-110x110mm-rydfr-in16224110-innfelld","status":"publish","type":"product","link":"https:\/\/vv.webdev.is\/en\/lykillausnir\/heimilid-lykillausnir\/skapaholdur-heimilid-lykillausnir\/product\/jnf-halda-kontud-110x110mm-rydfr-in16224110-innfelld\/","title":{"rendered":"JNF Halda K\u00f6ntu\u00f0 110x110mm Ry\u00f0fr IN16224110 INNFELLD"},"content":{"rendered":"","protected":false},"excerpt":{"rendered":"","protected":false},"featured_media":26732,"comment_status":"closed","ping_status":"closed","template":"","meta":[],"product_brand":[],"product_cat":[517,895,898],"product_tag":[],"class_list":{"0":"post-26733","1":"product","2":"type-product","3":"status-publish","4":"has-post-thumbnail","6":"product_cat-lykillausnir","7":"product_cat-heimilid-lykillausnir","8":"product_cat-skapaholdur-heimilid-lykillausnir","10":"first","11":"instock","12":"taxable","13":"shipping-taxable","14":"purchasable","15":"product-type-simple"},"_links":{"self":[{"href":"https:\/\/vv.webdev.is\/en\/wp-json\/wp\/v2\/product\/26733","targetHints":{"allow":["GET"]}}],"collection":[{"href":"https:\/\/vv.webdev.is\/en\/wp-json\/wp\/v2\/product"}],"about":[{"href":"https:\/\/vv.webdev.is\/en\/wp-json\/wp\/v2\/types\/product"}],"replies":[{"embeddable":true,"href":"https:\/\/vv.webdev.is\/en\/wp-json\/wp\/v2\/comments?post=26733"}],"wp:featuredmedia":[{"embeddable":true,"href":"https:\/\/vv.webdev.is\/en\/wp-json\/wp\/v2\/media\/26732"}],"wp:attachment":[{"href":"https:\/\/vv.webdev.is\/en\/wp-json\/wp\/v2\/media?parent=26733"}],"wp:term":[{"taxonomy":"product_brand","embeddable":true,"href":"https:\/\/vv.webdev.is\/en\/wp-json\/wp\/v2\/product_brand?post=26733"},{"taxonomy":"product_cat","embeddable":true,"href":"https:\/\/vv.webdev.is\/en\/wp-json\/wp\/v2\/product_cat?post=26733"},{"taxonomy":"product_tag","embeddable":true,"href":"https:\/\/vv.webdev.is\/en\/wp-json\/wp\/v2\/product_tag?post=26733"}],"curies":[{"name":"wp","href":"https:\/\/api.w.org\/{rel}","templated":true}]}}