{"id":26782,"date":"2023-04-28T17:43:26","date_gmt":"2023-04-28T17:43:26","guid":{"rendered":"https:\/\/vv-dev.webdev.is\/uncategorized\/product\/normbau-wc-bursti-haldari-svartur-7525-cavere-ath-ekki-rett-aferd-a-mynd\/"},"modified":"2025-02-24T12:30:24","modified_gmt":"2025-02-24T12:30:24","slug":"normbau-wc-bursti-haldari-svartur-7525-cavere-ath-ekki-rett-aferd-a-mynd","status":"publish","type":"product","link":"https:\/\/vv.webdev.is\/en\/lykillausnir\/badherbergi-lykillausnir\/salernisburstar-badherbergi-lykillausnir\/product\/normbau-wc-bursti-haldari-svartur-7525-cavere-ath-ekki-rett-aferd-a-mynd\/","title":{"rendered":"NORMBAU Cavere Care Kl\u00f3settbursti"},"content":{"rendered":"","protected":false},"excerpt":{"rendered":"<p>Tegund:&nbsp;7525 400 091<\/p>\n<p>ATH a\u00f0eins 2 stk til \u00e1 lager<\/p>\n<p>ATH ekki r\u00e9tt \u00e1fer\u00f0 \u00e1 mynd<\/p>","protected":false},"featured_media":26781,"comment_status":"closed","ping_status":"closed","template":"","meta":[],"product_brand":[],"product_cat":[517,580,619],"product_tag":[],"class_list":{"0":"post-26782","1":"product","2":"type-product","3":"status-publish","4":"has-post-thumbnail","6":"product_cat-lykillausnir","7":"product_cat-badherbergi-lykillausnir","8":"product_cat-salernisburstar-badherbergi-lykillausnir","10":"first","11":"instock","12":"taxable","13":"shipping-taxable","14":"purchasable","15":"product-type-simple"},"_links":{"self":[{"href":"https:\/\/vv.webdev.is\/en\/wp-json\/wp\/v2\/product\/26782","targetHints":{"allow":["GET"]}}],"collection":[{"href":"https:\/\/vv.webdev.is\/en\/wp-json\/wp\/v2\/product"}],"about":[{"href":"https:\/\/vv.webdev.is\/en\/wp-json\/wp\/v2\/types\/product"}],"replies":[{"embeddable":true,"href":"https:\/\/vv.webdev.is\/en\/wp-json\/wp\/v2\/comments?post=26782"}],"wp:featuredmedia":[{"embeddable":true,"href":"https:\/\/vv.webdev.is\/en\/wp-json\/wp\/v2\/media\/26781"}],"wp:attachment":[{"href":"https:\/\/vv.webdev.is\/en\/wp-json\/wp\/v2\/media?parent=26782"}],"wp:term":[{"taxonomy":"product_brand","embeddable":true,"href":"https:\/\/vv.webdev.is\/en\/wp-json\/wp\/v2\/product_brand?post=26782"},{"taxonomy":"product_cat","embeddable":true,"href":"https:\/\/vv.webdev.is\/en\/wp-json\/wp\/v2\/product_cat?post=26782"},{"taxonomy":"product_tag","embeddable":true,"href":"https:\/\/vv.webdev.is\/en\/wp-json\/wp\/v2\/product_tag?post=26782"}],"curies":[{"name":"wp","href":"https:\/\/api.w.org\/{rel}","templated":true}]}}