{"id":26797,"date":"2023-04-28T17:43:29","date_gmt":"2023-04-28T17:43:29","guid":{"rendered":"https:\/\/vv-dev.webdev.is\/uncategorized\/product\/ces-lashus-din-pz-55-20-haegri-svart-fyrir-yfirfelldar-hurdir-din-haegri-fyrir-euro-profile-sylinder\/"},"modified":"2025-01-30T17:26:03","modified_gmt":"2025-01-30T17:26:03","slug":"ces-lashus-din-pz-55-20-haegri-svart-fyrir-yfirfelldar-hurdir-din-haegri-fyrir-euro-profile-sylinder","status":"publish","type":"product","link":"https:\/\/vv.webdev.is\/en\/lykillausnir\/hurdabunadur-lykillausnir\/lashus-og-sluttjarn-hurdabunadur-lykillausnir\/product\/ces-lashus-din-pz-55-20-haegri-svart-fyrir-yfirfelldar-hurdir-din-haegri-fyrir-euro-profile-sylinder\/","title":{"rendered":"CES L\u00e1sh\u00fas DIN PZ 55 20 H\u00e6gri Svart Fyrir yfirfelldar hur\u00f0ir DIN H\u00e6gri Fyrir Euro-Profile sylinder"},"content":{"rendered":"","protected":false},"excerpt":{"rendered":"","protected":false},"featured_media":26796,"comment_status":"closed","ping_status":"closed","template":"","meta":[],"product_brand":[],"product_cat":[517,597,671],"product_tag":[],"class_list":{"0":"post-26797","1":"product","2":"type-product","3":"status-publish","4":"has-post-thumbnail","6":"product_cat-lykillausnir","7":"product_cat-hurdabunadur-lykillausnir","8":"product_cat-lashus-og-sluttjarn-hurdabunadur-lykillausnir","10":"first","11":"instock","12":"taxable","13":"shipping-taxable","14":"purchasable","15":"product-type-simple"},"_links":{"self":[{"href":"https:\/\/vv.webdev.is\/en\/wp-json\/wp\/v2\/product\/26797","targetHints":{"allow":["GET"]}}],"collection":[{"href":"https:\/\/vv.webdev.is\/en\/wp-json\/wp\/v2\/product"}],"about":[{"href":"https:\/\/vv.webdev.is\/en\/wp-json\/wp\/v2\/types\/product"}],"replies":[{"embeddable":true,"href":"https:\/\/vv.webdev.is\/en\/wp-json\/wp\/v2\/comments?post=26797"}],"wp:featuredmedia":[{"embeddable":true,"href":"https:\/\/vv.webdev.is\/en\/wp-json\/wp\/v2\/media\/26796"}],"wp:attachment":[{"href":"https:\/\/vv.webdev.is\/en\/wp-json\/wp\/v2\/media?parent=26797"}],"wp:term":[{"taxonomy":"product_brand","embeddable":true,"href":"https:\/\/vv.webdev.is\/en\/wp-json\/wp\/v2\/product_brand?post=26797"},{"taxonomy":"product_cat","embeddable":true,"href":"https:\/\/vv.webdev.is\/en\/wp-json\/wp\/v2\/product_cat?post=26797"},{"taxonomy":"product_tag","embeddable":true,"href":"https:\/\/vv.webdev.is\/en\/wp-json\/wp\/v2\/product_tag?post=26797"}],"curies":[{"name":"wp","href":"https:\/\/api.w.org\/{rel}","templated":true}]}}