{"id":27121,"date":"2023-04-28T17:44:26","date_gmt":"2023-04-28T17:44:26","guid":{"rendered":"https:\/\/vv-dev.webdev.is\/uncategorized\/product\/edi-hurdarhandfang-m-sylinderskiltum-5936-svart-al-fyrir-thyskar-laesingar-ath-ekki-rettur-litur-mynd\/"},"modified":"2025-01-30T17:28:31","modified_gmt":"2025-01-30T17:28:31","slug":"edi-hurdarhandfang-m-sylinderskiltum-5936-svart-al-fyrir-thyskar-laesingar-ath-ekki-rettur-litur-mynd","status":"publish","type":"product","link":"https:\/\/vv.webdev.is\/en\/lykillausnir\/hurdabunadur-lykillausnir\/hurdahandfong-m-lykillaufum\/product\/edi-hurdarhandfang-m-sylinderskiltum-5936-svart-al-fyrir-thyskar-laesingar-ath-ekki-rettur-litur-mynd\/","title":{"rendered":"EDI Hur\u00f0arhandfang m.sylinderskiltum 5936 Svart \u00c1l fyrir \u00de\u00fdskar l\u00e6singar (ath ekki r\u00e9ttur litur mynd"},"content":{"rendered":"","protected":false},"excerpt":{"rendered":"","protected":false},"featured_media":27120,"comment_status":"closed","ping_status":"closed","template":"","meta":[],"product_brand":[],"product_cat":[517,597,918],"product_tag":[],"class_list":{"0":"post-27121","1":"product","2":"type-product","3":"status-publish","4":"has-post-thumbnail","6":"product_cat-lykillausnir","7":"product_cat-hurdabunadur-lykillausnir","8":"product_cat-hurdahandfong-m-lykillaufum","10":"first","11":"instock","12":"taxable","13":"shipping-taxable","14":"purchasable","15":"product-type-simple"},"_links":{"self":[{"href":"https:\/\/vv.webdev.is\/en\/wp-json\/wp\/v2\/product\/27121","targetHints":{"allow":["GET"]}}],"collection":[{"href":"https:\/\/vv.webdev.is\/en\/wp-json\/wp\/v2\/product"}],"about":[{"href":"https:\/\/vv.webdev.is\/en\/wp-json\/wp\/v2\/types\/product"}],"replies":[{"embeddable":true,"href":"https:\/\/vv.webdev.is\/en\/wp-json\/wp\/v2\/comments?post=27121"}],"wp:featuredmedia":[{"embeddable":true,"href":"https:\/\/vv.webdev.is\/en\/wp-json\/wp\/v2\/media\/27120"}],"wp:attachment":[{"href":"https:\/\/vv.webdev.is\/en\/wp-json\/wp\/v2\/media?parent=27121"}],"wp:term":[{"taxonomy":"product_brand","embeddable":true,"href":"https:\/\/vv.webdev.is\/en\/wp-json\/wp\/v2\/product_brand?post=27121"},{"taxonomy":"product_cat","embeddable":true,"href":"https:\/\/vv.webdev.is\/en\/wp-json\/wp\/v2\/product_cat?post=27121"},{"taxonomy":"product_tag","embeddable":true,"href":"https:\/\/vv.webdev.is\/en\/wp-json\/wp\/v2\/product_tag?post=27121"}],"curies":[{"name":"wp","href":"https:\/\/api.w.org\/{rel}","templated":true}]}}