{"id":27411,"date":"2023-04-28T17:45:23","date_gmt":"2023-04-28T17:45:23","guid":{"rendered":"https:\/\/vv-dev.webdev.is\/uncategorized\/product\/proox-sapuskammtari-05l-sotthreinsandi-gel-eda-sapa-me-141-de\/"},"modified":"2025-02-06T13:31:49","modified_gmt":"2025-02-06T13:31:49","slug":"proox-sapuskammtari-05l-sotthreinsandi-gel-eda-sapa-me-141-de","status":"publish","type":"product","link":"https:\/\/vv.webdev.is\/en\/lykillausnir\/badherbergi-lykillausnir\/sapuskammtarar-badherbergi-lykillausnir\/product\/proox-sapuskammtari-05l-sotthreinsandi-gel-eda-sapa-me-141-de\/","title":{"rendered":"PROOX S\u00e1puskammtari 0,5L"},"content":{"rendered":"<p><font color=\"#656565\" style=\"font-size: 19.5312px;\"><span style=\"font-size: 14px;\">Skammtari fyrir s\u00f3tthreinsiefni me\u00f0 veggfestingu.<br \/>Ry\u00f0fr\u00edtt st\u00e1l.<br \/><\/span><\/font><span style=\"font-family: var(--font-family-heading); font-weight: var(--font-weight-heading); color: rgb(101, 101, 101);\">Yfirbor\u00f0 me\u00f0 f\u00ednbursta\u00f0ri uppbyggingu.<br \/><\/span><span style=\"font-family: var(--font-family-heading); color: rgb(101, 101, 101);\">Hl\u00edf 1,5 mm \u00feykkt.<br \/><\/span><span style=\"font-family: var(--font-family-heading); color: rgb(101, 101, 101);\">Gata\u00f0 desgin sv\u00e6\u00f0i me\u00f0 4mm borum.<br \/><\/span><span style=\"font-family: var(--font-family-heading); color: rgb(101, 101, 101);\">L\u00e6sing ekki s\u00fdnileg.<br \/><\/span><span style=\"font-family: var(--font-family-heading); color: rgb(101, 101, 101);\">Skammtarast\u00f6ng \u00far ry\u00f0fr\u00edu st\u00e1li.<br \/><\/span><span style=\"font-family: var(--font-family-heading); color: rgb(101, 101, 101);\">H\u00e1g\u00e6\u00f0a d\u00e6la me\u00f0 afturk\u00f6llunara\u00f0ger\u00f0.<br \/><\/span><span style=\"font-family: var(--font-family-heading); color: rgb(101, 101, 101);\">\u00c1fyllingartunna me\u00f0 loki.<br \/><\/span><span style=\"font-family: var(--font-family-heading); font-weight: var(--font-weight-heading); color: rgb(101, 101, 101);\">0,5 l\u00edtrar r\u00famtak.<br \/><\/span><span style=\"font-family: var(--font-family-heading); color: rgb(101, 101, 101);\">\u00c1samt lykli, skr\u00fafum og innstungum.<br \/><\/span><span style=\"font-family: var(--font-family-heading); font-weight: var(--font-weight-heading); color: rgb(101, 101, 101);\">M\u00e1l: 97,8x200x120mm<\/span><\/p>","protected":false},"excerpt":{"rendered":"<p>Tegund:&nbsp;ME-141-DE<\/p>\n<p>ATH. EINUNGIS 1 STK TIL \u00c1 LAGER<\/p>","protected":false},"featured_media":27410,"comment_status":"closed","ping_status":"closed","template":"","meta":[],"product_brand":[],"product_cat":[517,580,621],"product_tag":[],"class_list":{"0":"post-27411","1":"product","2":"type-product","3":"status-publish","4":"has-post-thumbnail","6":"product_cat-lykillausnir","7":"product_cat-badherbergi-lykillausnir","8":"product_cat-sapuskammtarar-badherbergi-lykillausnir","10":"first","11":"instock","12":"taxable","13":"shipping-taxable","14":"purchasable","15":"product-type-simple"},"_links":{"self":[{"href":"https:\/\/vv.webdev.is\/en\/wp-json\/wp\/v2\/product\/27411","targetHints":{"allow":["GET"]}}],"collection":[{"href":"https:\/\/vv.webdev.is\/en\/wp-json\/wp\/v2\/product"}],"about":[{"href":"https:\/\/vv.webdev.is\/en\/wp-json\/wp\/v2\/types\/product"}],"replies":[{"embeddable":true,"href":"https:\/\/vv.webdev.is\/en\/wp-json\/wp\/v2\/comments?post=27411"}],"wp:featuredmedia":[{"embeddable":true,"href":"https:\/\/vv.webdev.is\/en\/wp-json\/wp\/v2\/media\/27410"}],"wp:attachment":[{"href":"https:\/\/vv.webdev.is\/en\/wp-json\/wp\/v2\/media?parent=27411"}],"wp:term":[{"taxonomy":"product_brand","embeddable":true,"href":"https:\/\/vv.webdev.is\/en\/wp-json\/wp\/v2\/product_brand?post=27411"},{"taxonomy":"product_cat","embeddable":true,"href":"https:\/\/vv.webdev.is\/en\/wp-json\/wp\/v2\/product_cat?post=27411"},{"taxonomy":"product_tag","embeddable":true,"href":"https:\/\/vv.webdev.is\/en\/wp-json\/wp\/v2\/product_tag?post=27411"}],"curies":[{"name":"wp","href":"https:\/\/api.w.org\/{rel}","templated":true}]}}