{"id":27627,"date":"2023-04-28T17:46:10","date_gmt":"2023-04-28T17:46:10","guid":{"rendered":"https:\/\/vv-dev.webdev.is\/uncategorized\/product\/abus-sylinder-euro-profile-med-snerli-30mm-sylinder-megin-og-50mm-sneril-megin-nikkel\/"},"modified":"2025-02-18T14:15:45","modified_gmt":"2025-02-18T14:15:45","slug":"abus-sylinder-euro-profile-med-snerli-30mm-sylinder-megin-og-50mm-sneril-megin-nikkel","status":"publish","type":"product","link":"https:\/\/vv.webdev.is\/en\/lykillausnir\/hurdabunadur-lykillausnir\/sylinder\/product\/abus-sylinder-euro-profile-med-snerli-30mm-sylinder-megin-og-50mm-sneril-megin-nikkel\/","title":{"rendered":"ABUS Sylinder Euro Profile me\u00f0 snerli 30mm sylinder megin og 50mm sneril megin Nikkel"},"content":{"rendered":"","protected":false},"excerpt":{"rendered":"<p>30mm fr\u00e1 s\u00edlinderenda \u00ed mi\u00f0jan s\u00edlinder (skr\u00fafugati\u00f0) og 50mm fr\u00e1 skr\u00fafugatinu a\u00f0 snerilenda.<\/p>","protected":false},"featured_media":27626,"comment_status":"closed","ping_status":"closed","template":"","meta":[],"product_brand":[],"product_cat":[517,597,676],"product_tag":[],"class_list":{"0":"post-27627","1":"product","2":"type-product","3":"status-publish","4":"has-post-thumbnail","6":"product_cat-lykillausnir","7":"product_cat-hurdabunadur-lykillausnir","8":"product_cat-sylinder","10":"first","11":"instock","12":"taxable","13":"shipping-taxable","14":"purchasable","15":"product-type-simple"},"_links":{"self":[{"href":"https:\/\/vv.webdev.is\/en\/wp-json\/wp\/v2\/product\/27627","targetHints":{"allow":["GET"]}}],"collection":[{"href":"https:\/\/vv.webdev.is\/en\/wp-json\/wp\/v2\/product"}],"about":[{"href":"https:\/\/vv.webdev.is\/en\/wp-json\/wp\/v2\/types\/product"}],"replies":[{"embeddable":true,"href":"https:\/\/vv.webdev.is\/en\/wp-json\/wp\/v2\/comments?post=27627"}],"wp:featuredmedia":[{"embeddable":true,"href":"https:\/\/vv.webdev.is\/en\/wp-json\/wp\/v2\/media\/27626"}],"wp:attachment":[{"href":"https:\/\/vv.webdev.is\/en\/wp-json\/wp\/v2\/media?parent=27627"}],"wp:term":[{"taxonomy":"product_brand","embeddable":true,"href":"https:\/\/vv.webdev.is\/en\/wp-json\/wp\/v2\/product_brand?post=27627"},{"taxonomy":"product_cat","embeddable":true,"href":"https:\/\/vv.webdev.is\/en\/wp-json\/wp\/v2\/product_cat?post=27627"},{"taxonomy":"product_tag","embeddable":true,"href":"https:\/\/vv.webdev.is\/en\/wp-json\/wp\/v2\/product_tag?post=27627"}],"curies":[{"name":"wp","href":"https:\/\/api.w.org\/{rel}","templated":true}]}}