{"id":27842,"date":"2023-04-28T17:46:48","date_gmt":"2023-04-28T17:46:48","guid":{"rendered":"https:\/\/vv-dev.webdev.is\/uncategorized\/product\/estamp-innrettingarhalda-falin-svort-7662-032-135mm-96mm-a-milli-gata\/"},"modified":"2025-01-30T17:33:37","modified_gmt":"2025-01-30T17:33:37","slug":"estamp-innrettingarhalda-falin-svort-7662-032-135mm-96mm-a-milli-gata","status":"publish","type":"product","link":"https:\/\/vv.webdev.is\/en\/lykillausnir\/heimilid-lykillausnir\/skapaholdur-heimilid-lykillausnir\/product\/estamp-innrettingarhalda-falin-svort-7662-032-135mm-96mm-a-milli-gata\/","title":{"rendered":"ESTAMP Innr\u00e9ttingarhalda Falin Sv\u00f6rt 7662.032 135mm 96mm \u00e1 milli gata"},"content":{"rendered":"","protected":false},"excerpt":{"rendered":"","protected":false},"featured_media":27841,"comment_status":"closed","ping_status":"closed","template":"","meta":[],"product_brand":[],"product_cat":[517,895,898],"product_tag":[],"class_list":{"0":"post-27842","1":"product","2":"type-product","3":"status-publish","4":"has-post-thumbnail","6":"product_cat-lykillausnir","7":"product_cat-heimilid-lykillausnir","8":"product_cat-skapaholdur-heimilid-lykillausnir","10":"first","11":"instock","12":"taxable","13":"shipping-taxable","14":"purchasable","15":"product-type-simple"},"_links":{"self":[{"href":"https:\/\/vv.webdev.is\/en\/wp-json\/wp\/v2\/product\/27842","targetHints":{"allow":["GET"]}}],"collection":[{"href":"https:\/\/vv.webdev.is\/en\/wp-json\/wp\/v2\/product"}],"about":[{"href":"https:\/\/vv.webdev.is\/en\/wp-json\/wp\/v2\/types\/product"}],"replies":[{"embeddable":true,"href":"https:\/\/vv.webdev.is\/en\/wp-json\/wp\/v2\/comments?post=27842"}],"wp:featuredmedia":[{"embeddable":true,"href":"https:\/\/vv.webdev.is\/en\/wp-json\/wp\/v2\/media\/27841"}],"wp:attachment":[{"href":"https:\/\/vv.webdev.is\/en\/wp-json\/wp\/v2\/media?parent=27842"}],"wp:term":[{"taxonomy":"product_brand","embeddable":true,"href":"https:\/\/vv.webdev.is\/en\/wp-json\/wp\/v2\/product_brand?post=27842"},{"taxonomy":"product_cat","embeddable":true,"href":"https:\/\/vv.webdev.is\/en\/wp-json\/wp\/v2\/product_cat?post=27842"},{"taxonomy":"product_tag","embeddable":true,"href":"https:\/\/vv.webdev.is\/en\/wp-json\/wp\/v2\/product_tag?post=27842"}],"curies":[{"name":"wp","href":"https:\/\/api.w.org\/{rel}","templated":true}]}}