{"id":28039,"date":"2023-04-28T17:47:31","date_gmt":"2023-04-28T17:47:31","guid":{"rendered":"https:\/\/vv-dev.webdev.is\/uncategorized\/product\/frost-snagi-blossom-hvitur-og-poleradur\/"},"modified":"2025-03-04T08:46:37","modified_gmt":"2025-03-04T08:46:37","slug":"frost-snagi-blossom-hvitur-og-poleradur","status":"publish","type":"product","link":"https:\/\/vv.webdev.is\/en\/lykillausnir\/heimilid-lykillausnir\/snagar-heimilid-lykillausnir\/product\/frost-snagi-blossom-hvitur-og-poleradur\/","title":{"rendered":"FROST Snagi Blossom Hv\u00edtur og P\u00f3lera\u00f0ur"},"content":{"rendered":"","protected":false},"excerpt":{"rendered":"","protected":false},"featured_media":28038,"comment_status":"closed","ping_status":"closed","template":"","meta":[],"product_brand":[],"product_cat":[518,543,825,517,895,896],"product_tag":[971,1014],"class_list":{"0":"post-28039","1":"product","2":"type-product","3":"status-publish","4":"has-post-thumbnail","6":"product_cat-honnunarlausnir","7":"product_cat-fataskipulag-honnunarlausnir","8":"product_cat-snagar-fataskipulag-honnunarlausnir","9":"product_cat-lykillausnir","10":"product_cat-heimilid-lykillausnir","11":"product_cat-snagar-heimilid-lykillausnir","12":"product_tag-blossom","13":"product_tag-frostsnagar","15":"first","16":"instock","17":"taxable","18":"shipping-taxable","19":"purchasable","20":"product-type-simple"},"_links":{"self":[{"href":"https:\/\/vv.webdev.is\/en\/wp-json\/wp\/v2\/product\/28039","targetHints":{"allow":["GET"]}}],"collection":[{"href":"https:\/\/vv.webdev.is\/en\/wp-json\/wp\/v2\/product"}],"about":[{"href":"https:\/\/vv.webdev.is\/en\/wp-json\/wp\/v2\/types\/product"}],"replies":[{"embeddable":true,"href":"https:\/\/vv.webdev.is\/en\/wp-json\/wp\/v2\/comments?post=28039"}],"wp:featuredmedia":[{"embeddable":true,"href":"https:\/\/vv.webdev.is\/en\/wp-json\/wp\/v2\/media\/28038"}],"wp:attachment":[{"href":"https:\/\/vv.webdev.is\/en\/wp-json\/wp\/v2\/media?parent=28039"}],"wp:term":[{"taxonomy":"product_brand","embeddable":true,"href":"https:\/\/vv.webdev.is\/en\/wp-json\/wp\/v2\/product_brand?post=28039"},{"taxonomy":"product_cat","embeddable":true,"href":"https:\/\/vv.webdev.is\/en\/wp-json\/wp\/v2\/product_cat?post=28039"},{"taxonomy":"product_tag","embeddable":true,"href":"https:\/\/vv.webdev.is\/en\/wp-json\/wp\/v2\/product_tag?post=28039"}],"curies":[{"name":"wp","href":"https:\/\/api.w.org\/{rel}","templated":true}]}}