{"id":28153,"date":"2023-04-28T17:47:55","date_gmt":"2023-04-28T17:47:55","guid":{"rendered":"https:\/\/vv-dev.webdev.is\/uncategorized\/product\/skil-hoggborvel-hledslu-kolalaus-motor-12v-pwrcore-2x2-0ah-rafhlodur-hledslutaeki-2070ca-55nm\/"},"modified":"2025-02-06T14:16:13","modified_gmt":"2025-02-06T14:16:13","slug":"skil-hoggborvel-hledslu-kolalaus-motor-12v-pwrcore-2x2-0ah-rafhlodur-hledslutaeki-2070ca-55nm","status":"publish","type":"product","link":"https:\/\/vv.webdev.is\/en\/verkfaeralausnir\/rafmagnsverkfaeri\/hoggborvelar\/product\/skil-hoggborvel-hledslu-kolalaus-motor-12v-pwrcore-2x2-0ah-rafhlodur-hledslutaeki-2070ca-55nm\/","title":{"rendered":"SKIL H\u00f6ggborv\u00e9l Hle\u00f0slu Kolalaus m\u00f3tor 12V PWRCORE 2&#215;2.0Ah rafhl\u00f6\u00f0ur + hle\u00f0slut\u00e6ki 2070CA 55Nm"},"content":{"rendered":"<p>12V2x2.0Ah rafhl&#246;&#240;ur Li-Ion0-450\/0-1700 sn.m&#237;n55NmKolalaus m&#243;tor13mm patr&#243;n1,4kg me&#240; rafhl&#246;&#240;u1,1kg &#225;n rafhl&#246;&#240;u<\/p>","protected":false},"excerpt":{"rendered":"<p>12V2x2.0Ah rafhl&#246;&#240;ur Li-Ion0-450\/0-1700 sn.m&#237;n55NmKolalaus m&#243;tor13mm patr&#243;n1,4kg me&#240; rafhl&#246;&#240;u1,1kg &#225;n rafhl&#246;&#240;u<\/p>","protected":false},"featured_media":28150,"comment_status":"closed","ping_status":"closed","template":"","meta":[],"product_brand":[],"product_cat":[515,592,733],"product_tag":[],"class_list":{"0":"post-28153","1":"product","2":"type-product","3":"status-publish","4":"has-post-thumbnail","6":"product_cat-verkfaeralausnir","7":"product_cat-rafmagnsverkfaeri","8":"product_cat-hoggborvelar","10":"first","11":"instock","12":"taxable","13":"shipping-taxable","14":"purchasable","15":"product-type-simple"},"_links":{"self":[{"href":"https:\/\/vv.webdev.is\/en\/wp-json\/wp\/v2\/product\/28153","targetHints":{"allow":["GET"]}}],"collection":[{"href":"https:\/\/vv.webdev.is\/en\/wp-json\/wp\/v2\/product"}],"about":[{"href":"https:\/\/vv.webdev.is\/en\/wp-json\/wp\/v2\/types\/product"}],"replies":[{"embeddable":true,"href":"https:\/\/vv.webdev.is\/en\/wp-json\/wp\/v2\/comments?post=28153"}],"wp:featuredmedia":[{"embeddable":true,"href":"https:\/\/vv.webdev.is\/en\/wp-json\/wp\/v2\/media\/28150"}],"wp:attachment":[{"href":"https:\/\/vv.webdev.is\/en\/wp-json\/wp\/v2\/media?parent=28153"}],"wp:term":[{"taxonomy":"product_brand","embeddable":true,"href":"https:\/\/vv.webdev.is\/en\/wp-json\/wp\/v2\/product_brand?post=28153"},{"taxonomy":"product_cat","embeddable":true,"href":"https:\/\/vv.webdev.is\/en\/wp-json\/wp\/v2\/product_cat?post=28153"},{"taxonomy":"product_tag","embeddable":true,"href":"https:\/\/vv.webdev.is\/en\/wp-json\/wp\/v2\/product_tag?post=28153"}],"curies":[{"name":"wp","href":"https:\/\/api.w.org\/{rel}","templated":true}]}}