{"id":28195,"date":"2023-04-28T17:48:04","date_gmt":"2023-04-28T17:48:04","guid":{"rendered":"https:\/\/vv-dev.webdev.is\/uncategorized\/product\/t-rex-strigaliimband-silfur-48mm-x-109-mtr-sterkt-og-vedurtholid-12-til-90\/"},"modified":"2025-02-01T15:30:46","modified_gmt":"2025-02-01T15:30:46","slug":"t-rex-strigaliimband-silfur-48mm-x-109-mtr-sterkt-og-vedurtholid-12-til-90","status":"publish","type":"product","link":"https:\/\/vv.webdev.is\/en\/verkfaeralausnir\/efnavorur-verkfaeralausnir\/lim-efnavorur-verkfaeralausnir\/product\/t-rex-strigaliimband-silfur-48mm-x-109-mtr-sterkt-og-vedurtholid-12-til-90\/","title":{"rendered":"T-REX Strigal\u00edimband Silfur 48mm x 10,9 mtr STERKT OG VE\u00d0UR\u00deOLI\u00d0 -12 til 90\u00b0"},"content":{"rendered":"","protected":false},"excerpt":{"rendered":"","protected":false},"featured_media":28194,"comment_status":"closed","ping_status":"closed","template":"","meta":[],"product_brand":[],"product_cat":[515,586,804],"product_tag":[],"class_list":{"0":"post-28195","1":"product","2":"type-product","3":"status-publish","4":"has-post-thumbnail","6":"product_cat-verkfaeralausnir","7":"product_cat-efnavorur-verkfaeralausnir","8":"product_cat-lim-efnavorur-verkfaeralausnir","10":"first","11":"instock","12":"taxable","13":"shipping-taxable","14":"purchasable","15":"product-type-simple"},"_links":{"self":[{"href":"https:\/\/vv.webdev.is\/en\/wp-json\/wp\/v2\/product\/28195","targetHints":{"allow":["GET"]}}],"collection":[{"href":"https:\/\/vv.webdev.is\/en\/wp-json\/wp\/v2\/product"}],"about":[{"href":"https:\/\/vv.webdev.is\/en\/wp-json\/wp\/v2\/types\/product"}],"replies":[{"embeddable":true,"href":"https:\/\/vv.webdev.is\/en\/wp-json\/wp\/v2\/comments?post=28195"}],"wp:featuredmedia":[{"embeddable":true,"href":"https:\/\/vv.webdev.is\/en\/wp-json\/wp\/v2\/media\/28194"}],"wp:attachment":[{"href":"https:\/\/vv.webdev.is\/en\/wp-json\/wp\/v2\/media?parent=28195"}],"wp:term":[{"taxonomy":"product_brand","embeddable":true,"href":"https:\/\/vv.webdev.is\/en\/wp-json\/wp\/v2\/product_brand?post=28195"},{"taxonomy":"product_cat","embeddable":true,"href":"https:\/\/vv.webdev.is\/en\/wp-json\/wp\/v2\/product_cat?post=28195"},{"taxonomy":"product_tag","embeddable":true,"href":"https:\/\/vv.webdev.is\/en\/wp-json\/wp\/v2\/product_tag?post=28195"}],"curies":[{"name":"wp","href":"https:\/\/api.w.org\/{rel}","templated":true}]}}