{"id":28206,"date":"2023-04-28T17:48:07","date_gmt":"2023-04-28T17:48:07","guid":{"rendered":"https:\/\/vv-dev.webdev.is\/uncategorized\/product\/ruko-line-hurdarhandfang-holgaard-rydfritt-stal-fyrir-assa-og-boda-laesingar\/"},"modified":"2025-01-30T17:36:21","modified_gmt":"2025-01-30T17:36:21","slug":"ruko-line-hurdarhandfang-holgaard-rydfritt-stal-fyrir-assa-og-boda-laesingar","status":"publish","type":"product","link":"https:\/\/vv.webdev.is\/en\/lykillausnir\/hurdabunadur-lykillausnir\/hurdarhunar-hurdabunadur-lykillausnir\/product\/ruko-line-hurdarhandfang-holgaard-rydfritt-stal-fyrir-assa-og-boda-laesingar\/","title":{"rendered":"RUKO-LINE Hur\u00f0arhandfang Holgaard Ry\u00f0fr\u00edtt St\u00e1l Fyrir ASSA og Boda l\u00e6singar"},"content":{"rendered":"","protected":false},"excerpt":{"rendered":"<p>Fyrir Assa\/abloy l\u00e1sh\u00fas.<\/p>","protected":false},"featured_media":28205,"comment_status":"closed","ping_status":"closed","template":"","meta":[],"product_brand":[],"product_cat":[517,597,667],"product_tag":[],"class_list":{"0":"post-28206","1":"product","2":"type-product","3":"status-publish","4":"has-post-thumbnail","6":"product_cat-lykillausnir","7":"product_cat-hurdabunadur-lykillausnir","8":"product_cat-hurdarhunar-hurdabunadur-lykillausnir","10":"first","11":"instock","12":"taxable","13":"shipping-taxable","14":"purchasable","15":"product-type-simple"},"_links":{"self":[{"href":"https:\/\/vv.webdev.is\/en\/wp-json\/wp\/v2\/product\/28206","targetHints":{"allow":["GET"]}}],"collection":[{"href":"https:\/\/vv.webdev.is\/en\/wp-json\/wp\/v2\/product"}],"about":[{"href":"https:\/\/vv.webdev.is\/en\/wp-json\/wp\/v2\/types\/product"}],"replies":[{"embeddable":true,"href":"https:\/\/vv.webdev.is\/en\/wp-json\/wp\/v2\/comments?post=28206"}],"wp:featuredmedia":[{"embeddable":true,"href":"https:\/\/vv.webdev.is\/en\/wp-json\/wp\/v2\/media\/28205"}],"wp:attachment":[{"href":"https:\/\/vv.webdev.is\/en\/wp-json\/wp\/v2\/media?parent=28206"}],"wp:term":[{"taxonomy":"product_brand","embeddable":true,"href":"https:\/\/vv.webdev.is\/en\/wp-json\/wp\/v2\/product_brand?post=28206"},{"taxonomy":"product_cat","embeddable":true,"href":"https:\/\/vv.webdev.is\/en\/wp-json\/wp\/v2\/product_cat?post=28206"},{"taxonomy":"product_tag","embeddable":true,"href":"https:\/\/vv.webdev.is\/en\/wp-json\/wp\/v2\/product_tag?post=28206"}],"curies":[{"name":"wp","href":"https:\/\/api.w.org\/{rel}","templated":true}]}}