{"id":28227,"date":"2023-04-28T17:48:13","date_gmt":"2023-04-28T17:48:13","guid":{"rendered":"https:\/\/vv-dev.webdev.is\/uncategorized\/product\/varta-hofudljos-outdoor-sports-h30r-hladanlegt-100-lumens\/"},"modified":"2025-01-30T17:36:31","modified_gmt":"2025-01-30T17:36:31","slug":"varta-hofudljos-outdoor-sports-h30r-hladanlegt-100-lumens","status":"publish","type":"product","link":"https:\/\/vv.webdev.is\/en\/lykillausnir\/utivistarvorur\/hofudljos\/product\/varta-hofudljos-outdoor-sports-h30r-hladanlegt-100-lumens\/","title":{"rendered":"VARTA H\u00f6fu\u00f0lj\u00f3s Outdoor Sports H30R Hla\u00f0anlegt 100 Lumens"},"content":{"rendered":"<p>&#222;yngd: 47g<\/p>\n<p>Rafhla&#240;a: Endurhla&#240;anleg (fylgir me&#240;)<\/p>\n<p>Dr&#230;gni geisla: 16-91m<\/p>\n<p>Ending rafhl&#246;&#240;u: 1,5-21 klst (fer eftir stillingu lj&#243;sstyrks)<\/p>\n<p>Lj&#243;sstyrkur: 10-100 Lumen (stillanlegt)<\/p>","protected":false},"excerpt":{"rendered":"<p>VARTA Outdoor sport h\u00f6fu\u00f0lj\u00f3si\u00f0 er fullkominn f\u00e9lagi \u00ed \u00fativistina e\u00f0a \u00ed\u00fer\u00f3ttirnar.<\/p>","protected":false},"featured_media":28224,"comment_status":"closed","ping_status":"closed","template":"","meta":[],"product_brand":[],"product_cat":[517,601,695],"product_tag":[850],"class_list":{"0":"post-28227","1":"product","2":"type-product","3":"status-publish","4":"has-post-thumbnail","6":"product_cat-lykillausnir","7":"product_cat-utivistarvorur","8":"product_cat-hofudljos","9":"product_tag-varta","11":"first","12":"instock","13":"taxable","14":"shipping-taxable","15":"purchasable","16":"product-type-simple"},"_links":{"self":[{"href":"https:\/\/vv.webdev.is\/en\/wp-json\/wp\/v2\/product\/28227","targetHints":{"allow":["GET"]}}],"collection":[{"href":"https:\/\/vv.webdev.is\/en\/wp-json\/wp\/v2\/product"}],"about":[{"href":"https:\/\/vv.webdev.is\/en\/wp-json\/wp\/v2\/types\/product"}],"replies":[{"embeddable":true,"href":"https:\/\/vv.webdev.is\/en\/wp-json\/wp\/v2\/comments?post=28227"}],"wp:featuredmedia":[{"embeddable":true,"href":"https:\/\/vv.webdev.is\/en\/wp-json\/wp\/v2\/media\/28224"}],"wp:attachment":[{"href":"https:\/\/vv.webdev.is\/en\/wp-json\/wp\/v2\/media?parent=28227"}],"wp:term":[{"taxonomy":"product_brand","embeddable":true,"href":"https:\/\/vv.webdev.is\/en\/wp-json\/wp\/v2\/product_brand?post=28227"},{"taxonomy":"product_cat","embeddable":true,"href":"https:\/\/vv.webdev.is\/en\/wp-json\/wp\/v2\/product_cat?post=28227"},{"taxonomy":"product_tag","embeddable":true,"href":"https:\/\/vv.webdev.is\/en\/wp-json\/wp\/v2\/product_tag?post=28227"}],"curies":[{"name":"wp","href":"https:\/\/api.w.org\/{rel}","templated":true}]}}